{"id":16,"date":"2022-03-09T12:40:31","date_gmt":"2022-03-09T12:40:31","guid":{"rendered":"https:\/\/bkl.questo.nl\/?page_id=16"},"modified":"2026-03-27T08:57:41","modified_gmt":"2026-03-27T08:57:41","slug":"fachgebiete","status":"publish","type":"page","link":"https:\/\/www.bkl.nl\/de\/expert-fields\/","title":{"rendered":"Unsere Fachgebiete"},"content":{"rendered":"<section class=\"l-section wpb_row height_auto\"><div class=\"l-section-h i-cf\"><div class=\"g-cols vc_row via_flex valign_top type_default stacking_default\"><div class=\"vc_col-sm-12 wpb_column vc_column_container\"><div class=\"vc_column-inner\"><div class=\"wpb_wrapper\"><div class=\"w-separator size_large\"><\/div><\/div><\/div><\/div><\/div><\/div><\/section><section class=\"l-section wpb_row height_auto\"><div class=\"l-section-h i-cf\"><div class=\"g-cols vc_row via_flex valign_top type_default stacking_default\"><div class=\"vc_col-sm-12 wpb_column vc_column_container\"><div class=\"vc_column-inner\"><div class=\"wpb_wrapper\"><div class=\"wpb_text_column us_custom_99604e94 has_text_color\"><div class=\"wpb_wrapper\"><p>Fachgebiete<\/p>\n<\/div><\/div><div class=\"wpb_text_column\"><div class=\"wpb_wrapper\"><h1>Unsere Kompetenzbereiche<\/h1>\n<\/div><\/div><div class=\"g-cols wpb_row via_flex valign_top type_default stacking_default\"><div class=\"vc_col-sm-4 wpb_column vc_column_container\"><div class=\"vc_column-inner\"><div class=\"wpb_wrapper\"><div class=\"wpb_text_column us_custom_f2eec366\"><div class=\"wpb_wrapper\"><h3>Sicherheit<\/h3>\n<\/div><\/div><div class=\"wpb_text_column us_custom_16e9097b\"><div class=\"wpb_wrapper\"><p>F\u00fcr BKL ist Sicherheit von gr\u00f6\u00dfter Bedeutung. Sicherheit beginnt bereits in der Entwicklungsphase Ihres neuen Produkts.<\/p>\n<\/div><\/div><div class=\"w-separator size_custom\" style=\"height:45px\" id=\"y05d\"><style>@media(max-width:1024px){ #y05d{height:30px!important}}@media(max-width:700px){ #y05d{height:0px!important}}<\/style><\/div><div class=\"w-iconbox us_custom_070c3755 iconpos_top style_circle color_primary align_left no_text no_title\"><a title=\"Sicherheit\" href=\"\/de\/fachgebiete\/sicherheit\/\" class=\"w-iconbox-link\" aria-label=\"fas|chevron-rechts\"><div class=\"w-iconbox-icon\" style=\"font-size:1.2rem;\"><i class=\"fas fa-chevron-right\"><\/i><\/div><\/a><div class=\"w-iconbox-meta\"><\/div><\/div><\/div><\/div><\/div><div class=\"vc_col-sm-4 wpb_column vc_column_container\"><div class=\"vc_column-inner\"><div class=\"wpb_wrapper\"><div class=\"wpb_text_column us_custom_f2eec366\"><div class=\"wpb_wrapper\"><h3>Engineering<\/h3>\n<\/div><\/div><div class=\"wpb_text_column us_custom_16e9097b\"><div class=\"wpb_wrapper\"><p>Intelligente Engineering-L\u00f6sungen k\u00f6nnen einen erheblichen Vorteil bieten.<\/p>\n<\/div><\/div><div class=\"w-separator size_custom\" style=\"height:45px\" id=\"z774\"><style>@media(max-width:1024px){ #z774{height:30px!important}}@media(max-width:700px){ #z774{height:0px!important}}<\/style><\/div><div class=\"w-iconbox us_custom_d61d5fd8 iconpos_top style_circle color_primary align_left no_text no_title\"><a title=\"Engineering\" href=\"\/de\/fachgebiete\/technik\/\" class=\"w-iconbox-link\" aria-label=\"fas|chevron-rechts\"><div class=\"w-iconbox-icon\" style=\"font-size:1.2rem;\"><i class=\"fas fa-chevron-right\"><\/i><\/div><\/a><div class=\"w-iconbox-meta\"><\/div><\/div><\/div><\/div><\/div><div class=\"vc_col-sm-4 wpb_column vc_column_container\"><div class=\"vc_column-inner\"><div class=\"wpb_wrapper\"><div class=\"wpb_text_column us_custom_f2eec366\"><div class=\"wpb_wrapper\"><h3>Produktion<\/h3>\n<\/div><\/div><div class=\"wpb_text_column us_custom_16e9097b\"><div class=\"wpb_wrapper\"><p>Wem w\u00fcrden Sie die Produktion Ihrer kleinen, komplexen Serie anvertrauen?<\/p>\n<\/div><\/div><div class=\"w-separator size_custom\" style=\"height:45px\" id=\"wd41\"><style>@media(max-width:1024px){ #wd41{height:30px!important}}@media(max-width:700px){ #wd41{height:0px!important}}<\/style><\/div><div class=\"w-iconbox us_custom_d61d5fd8 iconpos_top style_circle color_primary align_left no_text no_title\"><a title=\"Produktion\" href=\"\/de\/fachgebiete\/produktion\/\" class=\"w-iconbox-link\" aria-label=\"fas|chevron-rechts\"><div class=\"w-iconbox-icon\" style=\"font-size:1.2rem;\"><i class=\"fas fa-chevron-right\"><\/i><\/div><\/a><div class=\"w-iconbox-meta\"><\/div><\/div><\/div><\/div><\/div><\/div><div class=\"w-separator size_custom\" style=\"height:70px\" id=\"cf48\"><style>@media(max-width:1024px){ #cf48{height:40px!important}}@media(max-width:700px){ #cf48{height:1.5rem!important}}<\/style><\/div><div class=\"g-cols wpb_row via_flex valign_top type_default stacking_default\"><div class=\"vc_col-sm-4 wpb_column vc_column_container\"><div class=\"vc_column-inner\"><div class=\"wpb_wrapper\"><div class=\"wpb_text_column us_custom_f2eec366\"><div class=\"wpb_wrapper\"><h3>Inspektion<\/h3>\n<\/div><\/div><div class=\"wpb_text_column us_custom_16e9097b\"><div class=\"wpb_wrapper\"><p>Entsprechen Ihre Maschinen und Werkzeuge noch den gesetzlichen Normen? K\u00f6nnen sie von Ihren Mitarbeitern sicher bedient werden?<\/p>\n<\/div><\/div><div class=\"w-separator size_custom\" style=\"height:45px\" id=\"t496\"><style>@media(max-width:1024px){ #t496{height:30px!important}}@media(max-width:700px){ #t496{height:0px!important}}<\/style><\/div><div class=\"w-iconbox us_custom_d61d5fd8 iconpos_top style_circle color_primary align_left no_text no_title\"><a title=\"Inspektion\" href=\"\/de\/fachgebiete\/inspektion\/\" class=\"w-iconbox-link\" aria-label=\"fas|chevron-rechts\"><div class=\"w-iconbox-icon\" style=\"font-size:1.2rem;\"><i class=\"fas fa-chevron-right\"><\/i><\/div><\/a><div class=\"w-iconbox-meta\"><\/div><\/div><\/div><\/div><\/div><div class=\"vc_col-sm-4 wpb_column vc_column_container\"><div class=\"vc_column-inner\"><div class=\"wpb_wrapper\"><div class=\"wpb_text_column us_custom_f2eec366\"><div class=\"wpb_wrapper\"><h3>Serviceleistungen<\/h3>\n<\/div><\/div><div class=\"wpb_text_column\"><div class=\"wpb_wrapper\"><p>Sind Sie auf der Suche nach Wissen und Fachwissen au\u00dferhalb Ihrer Branche?<\/p>\n<\/div><\/div><div class=\"w-separator size_custom\" style=\"height:45px\" id=\"u9c4\"><style>@media(max-width:1024px){ #u9c4{height:30px!important}}@media(max-width:700px){ #u9c4{height:0px!important}}<\/style><\/div><div class=\"w-iconbox us_custom_d61d5fd8 iconpos_top style_circle color_primary align_left no_text no_title\"><a title=\"Serviceleistungen\" href=\"\/de\/fachgebiete\/dienstleistungen\/\" class=\"w-iconbox-link\" aria-label=\"fas|chevron-rechts\"><div class=\"w-iconbox-icon\" style=\"font-size:1.2rem;\"><i class=\"fas fa-chevron-right\"><\/i><\/div><\/a><div class=\"w-iconbox-meta\"><\/div><\/div><\/div><\/div><\/div><div class=\"vc_col-sm-4 wpb_column vc_column_container\"><div class=\"vc_column-inner\"><div class=\"wpb_wrapper\"><\/div><\/div><\/div><\/div><\/div><\/div><\/div><\/div><\/div><\/section><section class=\"l-section wpb_row height_large\"><div class=\"l-section-overlay\" style=\"background:#f0f0f0\"><\/div><div class=\"l-section-h i-cf\"><div class=\"g-cols vc_row via_flex valign_top type_default stacking_default\"><div class=\"vc_col-sm-12 wpb_column vc_column_container\"><div class=\"vc_column-inner\"><div class=\"wpb_wrapper\"><div class=\"g-cols wpb_row via_flex valign_top type_default stacking_default\"><div class=\"vc_col-sm-8 wpb_column vc_column_container\"><div class=\"vc_column-inner\"><div class=\"wpb_wrapper\"><div class=\"wpb_text_column us_custom_99604e94 has_text_color\"><div class=\"wpb_wrapper\"><p>PROJEKTE<\/p>\n<\/div><\/div><div class=\"wpb_text_column\"><div class=\"wpb_wrapper\"><h1>Abgeschlossene Projekte<\/h1>\n<\/div><\/div><div class=\"wpb_text_column\"><div class=\"wpb_wrapper\"><p>BKL stands for high-quality. We are specialized in engineering, production and inspection of hoisting- and lifting tools, modules and machines. We work for well-known OEM\u2019s serving several markets. Thanks to the combination of outstanding production facilities, experience and creativity of professionals, we are able to build customized machines.<\/p>\n<\/div><\/div><\/div><\/div><\/div><div class=\"vc_col-sm-4 wpb_column vc_column_container\"><div class=\"vc_column-inner\"><div class=\"wpb_wrapper\"><\/div><\/div><\/div><\/div><div class=\"w-separator size_large\"><\/div><div class=\"w-grid us_carousel type_carousel layout_133 preload_style_spinner items_3\" id=\"us_grid_1\" style=\"--items:3;--gap:1rem;\"><style>.layout_133 .w-grid-item-h{}.layout_133 .usg_post_image_1{margin-bottom:0.6rem!important}.layout_133 .usg_post_title_1{font-weight:700!important;margin-top:0.7rem!important;margin-bottom:0.3rem!important}.layout_133 .usg_post_date_1{color:var(--color-content-secondary)!important;margin-top:0.7rem!important}.layout_133 .usg_btn_1{margin-bottom:1rem!important}<\/style><div class=\"w-grid-list owl-carousel valign_stretch dotstyle_circle navstyle_circle arrows-ver-pos_middle arrows-hor-pos_on_sides_outside arrows-disabled_hide owl-responsive-2000\" style=\"--transition-duration:350ms;\">\t<article class=\"w-grid-item post-924 us_portfolio type-us_portfolio status-publish has-post-thumbnail hentry\" data-id=\"924\">\r\n\t\t<div class=\"w-grid-item-h\">\r\n\t\t\t\t\t\t<div class=\"w-post-elm post_image usg_post_image_1 stretched\"><a href=\"https:\/\/www.bkl.nl\/de\/Projecten\/924\/\" aria-label=\"BKL entwickelt elektrisch betriebenen Hubtisch f\u00fcr schwer zug\u00e4ngliche Stellen mit schlechter Sicht\"><img loading=\"lazy\" decoding=\"async\" width=\"395\" height=\"395\" src=\"https:\/\/www.bkl.nl\/wp-content\/uploads\/2022\/11\/EXE-Sub-Assy-Inst-Tool-Mini.jpg\" class=\"attachment-full size-full wp-post-image\" alt=\"\" srcset=\"https:\/\/www.bkl.nl\/wp-content\/uploads\/2022\/11\/EXE-Sub-Assy-Inst-Tool-Mini.jpg 395w, https:\/\/www.bkl.nl\/wp-content\/uploads\/2022\/11\/EXE-Sub-Assy-Inst-Tool-Mini-300x300.jpg 300w, https:\/\/www.bkl.nl\/wp-content\/uploads\/2022\/11\/EXE-Sub-Assy-Inst-Tool-Mini-150x150.jpg 150w, https:\/\/www.bkl.nl\/wp-content\/uploads\/2022\/11\/EXE-Sub-Assy-Inst-Tool-Mini-12x12.jpg 12w\" sizes=\"auto, (max-width: 395px) 100vw, 395px\" \/><\/a><\/div><time class=\"w-post-elm post_date usg_post_date_1 has_text_color entry-date published\" datetime=\"2022-11-28T08:24:26+00:00\">November 28, 2022<\/time><h4 class=\"w-post-elm post_title usg_post_title_1 entry-title color_link_inherit\"><a href=\"https:\/\/www.bkl.nl\/de\/Projecten\/924\/\">BKL entwickelt elektrisch betriebenen Hubtisch f\u00fcr schwer zug\u00e4ngliche Stellen mit schlechter Sicht<\/a><\/h4><a class=\"w-btn us-btn-style_3 usg_btn_1\" href=\"https:\/\/www.bkl.nl\/de\/Projecten\/924\/\"><span class=\"w-btn-label\">Mehr lesen<\/span><\/a>\t\t<\/div>\r\n\t\t\t<\/article>\r\n\t<article class=\"w-grid-item post-692 us_portfolio type-us_portfolio status-publish has-post-thumbnail hentry\" data-id=\"692\">\r\n\t\t<div class=\"w-grid-item-h\">\r\n\t\t\t\t\t\t<div class=\"w-post-elm post_image usg_post_image_1 stretched\"><a href=\"https:\/\/www.bkl.nl\/de\/Projecten\/ferrous-sulphate-dosing-installation\/\" aria-label=\"Eisen(II)-sulfat-Dosieranlage\"><img loading=\"lazy\" decoding=\"async\" width=\"700\" height=\"700\" src=\"https:\/\/www.bkl.nl\/wp-content\/uploads\/2022\/04\/Ferrous-Sulphate-dosing-installation_feautured.jpg\" class=\"attachment-full size-full wp-post-image\" alt=\"\" srcset=\"https:\/\/www.bkl.nl\/wp-content\/uploads\/2022\/04\/Ferrous-Sulphate-dosing-installation_feautured.jpg 700w, https:\/\/www.bkl.nl\/wp-content\/uploads\/2022\/04\/Ferrous-Sulphate-dosing-installation_feautured-300x300.jpg 300w, https:\/\/www.bkl.nl\/wp-content\/uploads\/2022\/04\/Ferrous-Sulphate-dosing-installation_feautured-150x150.jpg 150w\" sizes=\"auto, (max-width: 700px) 100vw, 700px\" \/><\/a><\/div><time class=\"w-post-elm post_date usg_post_date_1 has_text_color entry-date published\" datetime=\"2022-04-26T07:15:50+00:00\">April 26, 2022<\/time><h4 class=\"w-post-elm post_title usg_post_title_1 entry-title color_link_inherit\"><a href=\"https:\/\/www.bkl.nl\/de\/Projecten\/ferrous-sulphate-dosing-installation\/\">Eisen(II)-sulfat-Dosieranlage<\/a><\/h4><a class=\"w-btn us-btn-style_3 usg_btn_1\" href=\"https:\/\/www.bkl.nl\/de\/Projecten\/ferrous-sulphate-dosing-installation\/\"><span class=\"w-btn-label\">Mehr lesen<\/span><\/a>\t\t<\/div>\r\n\t\t\t<\/article>\r\n\t<article class=\"w-grid-item post-627 us_portfolio type-us_portfolio status-publish has-post-thumbnail hentry\" data-id=\"627\">\r\n\t\t<div class=\"w-grid-item-h\">\r\n\t\t\t\t\t\t<div class=\"w-post-elm post_image usg_post_image_1 stretched\"><a href=\"https:\/\/www.bkl.nl\/de\/Projecten\/abs-lift-tool-machine\/\" aria-label=\"ABS Hebezeug (Maschine)\"><img loading=\"lazy\" decoding=\"async\" width=\"700\" height=\"700\" src=\"https:\/\/www.bkl.nl\/wp-content\/uploads\/2022\/03\/ASB-@Wilton-Feutured.jpg\" class=\"attachment-full size-full wp-post-image\" alt=\"\" srcset=\"https:\/\/www.bkl.nl\/wp-content\/uploads\/2022\/03\/ASB-@Wilton-Feutured.jpg 700w, https:\/\/www.bkl.nl\/wp-content\/uploads\/2022\/03\/ASB-@Wilton-Feutured-300x300.jpg 300w, https:\/\/www.bkl.nl\/wp-content\/uploads\/2022\/03\/ASB-@Wilton-Feutured-150x150.jpg 150w\" sizes=\"auto, (max-width: 700px) 100vw, 700px\" \/><\/a><\/div><time class=\"w-post-elm post_date usg_post_date_1 has_text_color entry-date published\" datetime=\"2022-03-31T08:57:41+00:00\">M\u00e4rz 31, 2022<\/time><h4 class=\"w-post-elm post_title usg_post_title_1 entry-title color_link_inherit\"><a href=\"https:\/\/www.bkl.nl\/de\/Projecten\/abs-lift-tool-machine\/\">ABS Hebezeug (Maschine)<\/a><\/h4><a class=\"w-btn us-btn-style_3 usg_btn_1\" href=\"https:\/\/www.bkl.nl\/de\/Projecten\/abs-lift-tool-machine\/\"><span class=\"w-btn-label\">Mehr lesen<\/span><\/a>\t\t<\/div>\r\n\t\t\t<\/article>\r\n<\/div><div class=\"w-grid-carousel-json hidden\" onclick='return {&quot;carousel_settings&quot;:{&quot;aria_labels&quot;:{&quot;prev&quot;:&quot;Zur\\u00fcck&quot;,&quot;next&quot;:&quot;Weiter&quot;},&quot;autoplayContinual&quot;:false,&quot;autoplayHoverPause&quot;:false,&quot;autoplayTimeout&quot;:3000,&quot;autoWidth&quot;:false,&quot;smartSpeed&quot;:350,&quot;margin&quot;:0,&quot;mouseDrag&quot;:true,&quot;rtl&quot;:false,&quot;slideBy&quot;:&quot;1&quot;,&quot;touchDrag&quot;:true,&quot;slideTransition&quot;:&quot;&quot;,&quot;responsive&quot;:{&quot;0&quot;:{&quot;autoHeight&quot;:false,&quot;autoplay&quot;:true,&quot;autoWidth&quot;:false,&quot;center&quot;:false,&quot;dots&quot;:false,&quot;items&quot;:1,&quot;loop&quot;:true,&quot;nav&quot;:false,&quot;stagePadding&quot;:0,&quot;slideBy&quot;:&quot;1&quot;},&quot;701&quot;:{&quot;autoHeight&quot;:false,&quot;autoplay&quot;:true,&quot;autoWidth&quot;:false,&quot;center&quot;:false,&quot;dots&quot;:false,&quot;items&quot;:2,&quot;loop&quot;:true,&quot;nav&quot;:false,&quot;stagePadding&quot;:0,&quot;slideBy&quot;:&quot;1&quot;},&quot;1025&quot;:{&quot;autoHeight&quot;:false,&quot;autoplay&quot;:true,&quot;autoWidth&quot;:false,&quot;center&quot;:false,&quot;dots&quot;:false,&quot;items&quot;:3,&quot;loop&quot;:false,&quot;nav&quot;:false,&quot;stagePadding&quot;:0,&quot;slideBy&quot;:&quot;1&quot;},&quot;1351&quot;:{&quot;items&quot;:3,&quot;autoplay&quot;:false,&quot;center&quot;:false,&quot;dots&quot;:false,&quot;nav&quot;:false,&quot;autoHeight&quot;:false,&quot;autoWidth&quot;:false,&quot;loop&quot;:false,&quot;stagePadding&quot;:0}}}}'><\/div><\/div><div class=\"w-separator size_large\"><\/div><div class=\"w-btn-wrapper align_center\"><a class=\"w-btn us-btn-style_1\" title=\"Unsere Projekte\" href=\"\/de\/projekte\/\"><span class=\"w-btn-label\">Weitere Projekte anzeigen<\/span><\/a><\/div><\/div><\/div><\/div><\/div><\/div><\/section><section class=\"l-section wpb_row us_custom_e011b917 has_text_color height_auto width_full\"><div class=\"l-section-h i-cf\"><div class=\"g-cols vc_row via_flex valign_top type_default stacking_default\"><div class=\"vc_col-sm-12 wpb_column vc_column_container\"><div class=\"vc_column-inner\"><div class=\"wpb_wrapper\"><section class=\"l-section wpb_row us_custom_e011b917 has_text_color height_medium\"><div class=\"l-section-h i-cf\"><div class=\"g-cols vc_row via_flex valign_top type_default stacking_default\"><div class=\"vc_col-sm-12 wpb_column vc_column_container\"><div class=\"vc_column-inner\"><div class=\"wpb_wrapper\"><div class=\"w-hwrapper valign_middle wrap align_justify\" style=\"--hwrapper-gap:2.2rem\"><div class=\"wpb_text_column us_custom_2774bef1 h3-margin-bottom\"><div class=\"wpb_wrapper\"><h3>M\u00f6chten Sie mehr \u00fcber uns erfahren?<\/h3>\n<\/div><\/div><div class=\"w-btn-wrapper align_none\"><a class=\"w-btn us-btn-style_1\" title=\"Kontakt\" href=\"\/de\/kontakt\/\"><span class=\"w-btn-label\">Kontaktieren Sie uns<\/span><\/a><\/div><\/div><\/div><\/div><\/div><\/div><\/div><\/section>\n<\/div><\/div><\/div><\/div><\/div><\/section>","protected":false},"excerpt":{"rendered":"PROJEKTE ABS Lift Tool (Maschine) BKL liefert ein wundersch\u00f6nes Lift Tool (Maschine) an seinen Kunden! Was f\u00fcr eine gro\u00dfartige Leistung. Dieses UL-zugelassene Werkzeug (Maschine) wurde in Zusammenarbeit mit unserem Kunden ASML Wilton entwickelt. Es ist so konzipiert, dass ein Bediener das Teil (das im mittleren Teil zwischen den vier S\u00e4ulen angebracht ist) sicher auf eine...","protected":false},"author":2,"featured_media":0,"parent":0,"menu_order":0,"comment_status":"closed","ping_status":"closed","template":"","meta":{"footnotes":""},"class_list":["post-16","page","type-page","status-publish","hentry"],"yoast_head":"<!-- This site is optimized with the Yoast SEO plugin v27.4 - https:\/\/yoast.com\/product\/yoast-seo-wordpress\/ -->\n<title>Expert fields - BKL<\/title>\n<meta name=\"robots\" content=\"index, follow, max-snippet:-1, max-image-preview:large, max-video-preview:-1\" \/>\n<link rel=\"canonical\" href=\"https:\/\/www.bkl.nl\/de\/fachgebiete\/\" \/>\n<meta property=\"og:locale\" content=\"de_DE\" \/>\n<meta property=\"og:type\" content=\"article\" \/>\n<meta property=\"og:title\" content=\"Expert fields - BKL\" \/>\n<meta property=\"og:url\" content=\"https:\/\/www.bkl.nl\/de\/fachgebiete\/\" \/>\n<meta property=\"og:site_name\" content=\"BKL\" \/>\n<meta property=\"article:modified_time\" content=\"2026-03-27T08:57:41+00:00\" \/>\n<meta name=\"twitter:card\" content=\"summary_large_image\" \/>\n<meta name=\"twitter:label1\" content=\"Gesch\u00e4tzte Lesezeit\" \/>\n\t<meta name=\"twitter:data1\" content=\"2\u00a0Minuten\" \/>\n<script type=\"application\/ld+json\" class=\"yoast-schema-graph\">{\"@context\":\"https:\\\/\\\/schema.org\",\"@graph\":[{\"@type\":\"WebPage\",\"@id\":\"https:\\\/\\\/www.bkl.nl\\\/expert-fields\\\/\",\"url\":\"https:\\\/\\\/www.bkl.nl\\\/expert-fields\\\/\",\"name\":\"Expert fields - BKL\",\"isPartOf\":{\"@id\":\"https:\\\/\\\/www.bkl.nl\\\/#website\"},\"datePublished\":\"2022-03-09T12:40:31+00:00\",\"dateModified\":\"2026-03-27T08:57:41+00:00\",\"breadcrumb\":{\"@id\":\"https:\\\/\\\/www.bkl.nl\\\/expert-fields\\\/#breadcrumb\"},\"inLanguage\":\"de\",\"potentialAction\":[{\"@type\":\"ReadAction\",\"target\":[\"https:\\\/\\\/www.bkl.nl\\\/expert-fields\\\/\"]}]},{\"@type\":\"BreadcrumbList\",\"@id\":\"https:\\\/\\\/www.bkl.nl\\\/expert-fields\\\/#breadcrumb\",\"itemListElement\":[{\"@type\":\"ListItem\",\"position\":1,\"name\":\"Home\",\"item\":\"https:\\\/\\\/www.bkl.nl\\\/\"},{\"@type\":\"ListItem\",\"position\":2,\"name\":\"Expert fields\"}]},{\"@type\":\"WebSite\",\"@id\":\"https:\\\/\\\/www.bkl.nl\\\/#website\",\"url\":\"https:\\\/\\\/www.bkl.nl\\\/\",\"name\":\"BKL\",\"description\":\"Smart engineering\",\"publisher\":{\"@id\":\"https:\\\/\\\/www.bkl.nl\\\/#organization\"},\"potentialAction\":[{\"@type\":\"SearchAction\",\"target\":{\"@type\":\"EntryPoint\",\"urlTemplate\":\"https:\\\/\\\/www.bkl.nl\\\/?s={search_term_string}\"},\"query-input\":{\"@type\":\"PropertyValueSpecification\",\"valueRequired\":true,\"valueName\":\"search_term_string\"}}],\"inLanguage\":\"de\"},{\"@type\":\"Organization\",\"@id\":\"https:\\\/\\\/www.bkl.nl\\\/#organization\",\"name\":\"BKL Engineering\",\"url\":\"https:\\\/\\\/www.bkl.nl\\\/\",\"logo\":{\"@type\":\"ImageObject\",\"inLanguage\":\"de\",\"@id\":\"https:\\\/\\\/www.bkl.nl\\\/#\\\/schema\\\/logo\\\/image\\\/\",\"url\":\"https:\\\/\\\/www.bkl.nl\\\/wp-content\\\/uploads\\\/2022\\\/03\\\/logo_bkl_on_light.svg\",\"contentUrl\":\"https:\\\/\\\/www.bkl.nl\\\/wp-content\\\/uploads\\\/2022\\\/03\\\/logo_bkl_on_light.svg\",\"width\":\"1024\",\"height\":\"1024\",\"caption\":\"BKL Engineering\"},\"image\":{\"@id\":\"https:\\\/\\\/www.bkl.nl\\\/#\\\/schema\\\/logo\\\/image\\\/\"},\"sameAs\":[\"https:\\\/\\\/www.linkedin.com\\\/company\\\/bkl-bv\"]}]}<\/script>\n<!-- \/ Yoast SEO plugin. -->","yoast_head_json":{"title":"Fachgebiete - BKL","robots":{"index":"index","follow":"follow","max-snippet":"max-snippet:-1","max-image-preview":"max-image-preview:large","max-video-preview":"max-video-preview:-1"},"canonical":"https:\/\/www.bkl.nl\/de\/fachgebiete\/","og_locale":"de_DE","og_type":"article","og_title":"Expert fields - BKL","og_url":"https:\/\/www.bkl.nl\/de\/fachgebiete\/","og_site_name":"BKL","article_modified_time":"2026-03-27T08:57:41+00:00","twitter_card":"summary_large_image","twitter_misc":{"Gesch\u00e4tzte Lesezeit":"2\u00a0Minuten"},"schema":{"@context":"https:\/\/schema.org","@graph":[{"@type":"WebPage","@id":"https:\/\/www.bkl.nl\/expert-fields\/","url":"https:\/\/www.bkl.nl\/expert-fields\/","name":"Fachgebiete - BKL","isPartOf":{"@id":"https:\/\/www.bkl.nl\/#website"},"datePublished":"2022-03-09T12:40:31+00:00","dateModified":"2026-03-27T08:57:41+00:00","breadcrumb":{"@id":"https:\/\/www.bkl.nl\/expert-fields\/#breadcrumb"},"inLanguage":"de","potentialAction":[{"@type":"ReadAction","target":["https:\/\/www.bkl.nl\/expert-fields\/"]}]},{"@type":"BreadcrumbList","@id":"https:\/\/www.bkl.nl\/expert-fields\/#breadcrumb","itemListElement":[{"@type":"ListItem","position":1,"name":"Home","item":"https:\/\/www.bkl.nl\/"},{"@type":"ListItem","position":2,"name":"Expert fields"}]},{"@type":"WebSite","@id":"https:\/\/www.bkl.nl\/#website","url":"https:\/\/www.bkl.nl\/","name":"BKL","description":"Intelligente Technik","publisher":{"@id":"https:\/\/www.bkl.nl\/#organization"},"potentialAction":[{"@type":"SearchAction","target":{"@type":"EntryPoint","urlTemplate":"https:\/\/www.bkl.nl\/?s={search_term_string}"},"query-input":{"@type":"PropertyValueSpecification","valueRequired":true,"valueName":"search_term_string"}}],"inLanguage":"de"},{"@type":"Organization","@id":"https:\/\/www.bkl.nl\/#organization","name":"BKL Engineering","url":"https:\/\/www.bkl.nl\/","logo":{"@type":"ImageObject","inLanguage":"de","@id":"https:\/\/www.bkl.nl\/#\/schema\/logo\/image\/","url":"https:\/\/www.bkl.nl\/wp-content\/uploads\/2022\/03\/logo_bkl_on_light.svg","contentUrl":"https:\/\/www.bkl.nl\/wp-content\/uploads\/2022\/03\/logo_bkl_on_light.svg","width":"1024","height":"1024","caption":"BKL Engineering"},"image":{"@id":"https:\/\/www.bkl.nl\/#\/schema\/logo\/image\/"},"sameAs":["https:\/\/www.linkedin.com\/company\/bkl-bv"]}]}},"_links":{"self":[{"href":"https:\/\/www.bkl.nl\/de\/wp-json\/wp\/v2\/pages\/16","targetHints":{"allow":["GET"]}}],"collection":[{"href":"https:\/\/www.bkl.nl\/de\/wp-json\/wp\/v2\/pages"}],"about":[{"href":"https:\/\/www.bkl.nl\/de\/wp-json\/wp\/v2\/types\/page"}],"author":[{"embeddable":true,"href":"https:\/\/www.bkl.nl\/de\/wp-json\/wp\/v2\/users\/2"}],"replies":[{"embeddable":true,"href":"https:\/\/www.bkl.nl\/de\/wp-json\/wp\/v2\/comments?post=16"}],"version-history":[{"count":5,"href":"https:\/\/www.bkl.nl\/de\/wp-json\/wp\/v2\/pages\/16\/revisions"}],"predecessor-version":[{"id":1811,"href":"https:\/\/www.bkl.nl\/de\/wp-json\/wp\/v2\/pages\/16\/revisions\/1811"}],"wp:attachment":[{"href":"https:\/\/www.bkl.nl\/de\/wp-json\/wp\/v2\/media?parent=16"}],"curies":[{"name":"wp","href":"https:\/\/api.w.org\/{rel}","templated":true}]}}