{"id":20,"date":"2022-03-09T12:40:52","date_gmt":"2022-03-09T12:40:52","guid":{"rendered":"https:\/\/bkl.questo.nl\/?page_id=20"},"modified":"2026-04-30T09:07:19","modified_gmt":"2026-04-30T09:07:19","slug":"technik","status":"publish","type":"page","link":"https:\/\/www.bkl.nl\/de\/expert-fields\/engineering\/","title":{"rendered":"Engineering"},"content":{"rendered":"<section class=\"l-section wpb_row height_auto\"><div class=\"l-section-h i-cf\"><div class=\"g-cols vc_row via_flex valign_top type_default stacking_default\"><div class=\"vc_col-sm-12 wpb_column vc_column_container\"><div class=\"vc_column-inner\"><div class=\"wpb_wrapper\"><div class=\"w-separator size_large\"><\/div><\/div><\/div><\/div><\/div><\/div><\/section><section class=\"l-section wpb_row us_custom_644aae52 height_auto width_custom\" style=\"--site-content-width:1200px;\"><div class=\"l-section-h i-cf\"><div class=\"g-cols vc_row via_flex valign_top type_default stacking_default\"><div class=\"vc_col-sm-12 wpb_column vc_column_container\"><div class=\"vc_column-inner\"><div class=\"wpb_wrapper\"><div class=\"g-cols wpb_row via_flex valign_top type_default stacking_default\"><div class=\"vc_col-sm-6 wpb_column vc_column_container\"><div class=\"vc_column-inner us_custom_a480baa5\"><div class=\"wpb_wrapper\"><div class=\"wpb_text_column us_custom_99604e94 has_text_color\"><div class=\"wpb_wrapper\"><p>Engineering<\/p>\n<\/div><\/div><div class=\"wpb_text_column\"><div class=\"wpb_wrapper\"><h1>Experten f\u00fcr Engineering<\/h1>\n<\/div><\/div><\/div><\/div><\/div><div class=\"vc_col-sm-6 wpb_column vc_column_container\"><div class=\"vc_column-inner\"><div class=\"wpb_wrapper\"><\/div><\/div><\/div><\/div><div class=\"w-separator size_medium\"><\/div><div class=\"g-cols wpb_row via_flex valign_top type_default stacking_default\"><div class=\"vc_col-sm-6 wpb_column vc_column_container\"><div class=\"vc_column-inner us_custom_a480baa5\"><div class=\"wpb_wrapper\"><div class=\"wpb_text_column\"><div class=\"wpb_wrapper\"><p><strong>Engineering mit h\u00f6chster Sicherheit<\/strong><br \/>\nIntelligente Engineering-L\u00f6sungen k\u00f6nnen einen erheblichen Vorteil bieten. Denken Sie zum Beispiel an mehr Sicherheit f\u00fcr Ihre Mitarbeiter, mehr Prozesseffizienz und bessere Wettbewerbsf\u00e4higkeit. BKL entwickelt L\u00f6sungen, die Ihren Anforderungen entsprechen. Als technischer Dienstleister k\u00f6nnen wir den gesamten Engineering-Prozess von der Definitionsphase bis zur Inbetriebnahme des Endprodukts \u00fcbernehmen. Ihre Sicherheit ist von gr\u00f6\u00dfter Bedeutung f\u00fcr uns. Das ist unser Engineering-Service f\u00fcr hochwertige Hebezeuge, Mechanik und Industriemodule.<\/p>\n<p><strong>Mehrwert schaffen mit der Problemdefinition<\/strong><br \/>\nHochwertiges Engineering beginnt mit einer gr\u00fcndlichen Vorbereitung. Diese Investition lohnt sich wirklich; je besser das Problem beschrieben wird, desto besser ist die L\u00f6sung. Unsere Ingenieure haben ein Gesp\u00fcr daf\u00fcr, was ben\u00f6tigt wird. Was ist Ihre Arbeitsweise? Was m\u00f6chten Sie erreichen? Wie ist Ihr Prozess organisiert? Was sind die Erwartungen Ihrer Mitarbeiter? Wir m\u00f6chten wissen, was Sie motiviert. Je mehr wir wissen, desto besser k\u00f6nnen wir unsere Dienstleistungen erbringen. Leitprinzip f\u00fcr unsere Aktivit\u00e4ten ist die Tatsache, dass Sicherheit und menschliches Leben von unsch\u00e4tzbarem Wert sind. Wir \u00fcberlassen nichts dem Zufall, und bei dem Thema Sicherheit gehen wir keine Kompromisse ein. Daher beinhaltet unser Engineering eine Risikoanalyse zur Bestimmung der erforderlichen risikomindernden Ma\u00dfnahmen.<\/p>\n<p><strong>Strukturanalyse und Mensch-Maschine-Interaktion<\/strong><br \/>\nM\u00f6chten Sie, dass Ihre Mitarbeiter Hebezeuge, Module und Maschinen sicherer bedienen? Effizienter? Nachhaltiger? Die BKL-Ingenieure schaffen einen Mehrwert, indem sie von einer Mensch-Maschine-Interaktion ausgehen. Eine Festigkeits- und Rigidit\u00e4tsanalyse, die sowohl manuell als auch mittels FEM (Finite-Elemente-Methode) berechnet wird, ist Teil des Prozesses. In Absprache mit Ihnen werden Konzepte erarbeitet und Ideen evaluiert. Somit ist eine L\u00f6sung auf Ihre Arbeitsweise und Ihre Ziele zugeschnitten. Konzepte werden dann in Zeichnungen dargestellt, die als Ausgangspunkt f\u00fcr erh\u00f6hte Sicherheit, bessere Ergonomie und mehr Effizienz dienen.<\/p>\n<\/div><\/div><\/div><\/div><\/div><div class=\"vc_col-sm-6 wpb_column vc_column_container\"><div class=\"vc_column-inner us_custom_9be03f34\"><div class=\"wpb_wrapper\"><div class=\"w-image align_center\"><div class=\"w-image-h\"><img decoding=\"async\" width=\"700\" height=\"501\" src=\"https:\/\/www.bkl.nl\/wp-content\/uploads\/2022\/03\/Engineering-700x500px.jpg\" class=\"attachment-full size-full\" alt=\"\" loading=\"lazy\" srcset=\"https:\/\/www.bkl.nl\/wp-content\/uploads\/2022\/03\/Engineering-700x500px.jpg 700w, https:\/\/www.bkl.nl\/wp-content\/uploads\/2022\/03\/Engineering-700x500px-300x215.jpg 300w\" sizes=\"auto, (max-width: 700px) 100vw, 700px\" \/><\/div><\/div><\/div><\/div><\/div><\/div><\/div><\/div><\/div><\/div><\/div><\/section><section class=\"l-section wpb_row height_large\"><div class=\"l-section-h i-cf\"><div class=\"g-cols vc_row via_flex valign_middle type_default reversed stacking_default\"><div class=\"vc_col-sm-6 wpb_column vc_column_container\"><div class=\"vc_column-inner us_custom_3d80be9e\"><div class=\"wpb_wrapper\"><div class=\"w-image align_center\"><div class=\"w-image-h\"><img decoding=\"async\" width=\"700\" height=\"900\" src=\"https:\/\/www.bkl.nl\/wp-content\/uploads\/2022\/03\/Home-tronair-service-center-700x900px.jpg\" class=\"attachment-full size-full\" alt=\"\" loading=\"lazy\" srcset=\"https:\/\/www.bkl.nl\/wp-content\/uploads\/2022\/03\/Home-tronair-service-center-700x900px.jpg 700w, https:\/\/www.bkl.nl\/wp-content\/uploads\/2022\/03\/Home-tronair-service-center-700x900px-233x300.jpg 233w\" sizes=\"auto, (max-width: 700px) 100vw, 700px\" \/><\/div><\/div><\/div><\/div><\/div><div class=\"vc_col-sm-6 wpb_column vc_column_container\"><div class=\"vc_column-inner us_custom_29ac2ce0\"><div class=\"wpb_wrapper\"><div class=\"wpb_text_column\"><div class=\"wpb_wrapper\"><p><strong>CE-Dokumentation als Sicherheitsnachweis<\/strong><br \/>\nDa unser Engineering auf hohen Sicherheitsstandards basiert, werden Ihre Maschinen und Werkzeuge den Gesetzen und Vorschriften entsprechen, was \u2013 falls erforderlich \u2013 zu einer CE-Erkl\u00e4rung f\u00fchrt, um gutes Unternehmertum und das CSR-Konzept zu betonen. Ihre Maschine oder Werkzeuge werden mit vollst\u00e4ndigen \u2013 CE-Zertifikat-w\u00fcrdigen \u2013 technischen Konstruktionsunterlagen geliefert, um nachzuweisen, dass Sie alle notwendigen Anforderungen f\u00fcr einen sicheren Betrieb erf\u00fcllt haben. Die CE-Dokumentation umfasst immer eine Risikoanalyse, Berechnungen, Testdokumente, ein Handbuch, ein Wartungsdokument und eine IIA-Erkl\u00e4rung des gelieferten Produkts.<\/p>\n<p><strong>Weiteres Vorgehen<\/strong><br \/>\nIm Anschluss an den Factory Acceptance Test (FAT) wird ein Site Acceptance Test (SAT) durchgef\u00fchrt, um sicherzustellen, dass Sie die L\u00f6sung erhalten, die Sie ben\u00f6tigen, und dass diese in Ihrer Umgebung gehandhabt werden kann. Auch beim Projektmanagement k\u00f6nnen Sie auf BKL z\u00e4hlen. Unsere Projektmanager wurden von IPMA geschult und gew\u00e4hrleisten eine perfekte Umsetzung Ihres Engineering-Projekts.<\/p>\n<p><strong>Weitere Informationen?<\/strong><br \/>\nSind Sie genauso motiviert wie wir? Sind wir der Partner, den Sie suchen? Gerne besprechen wir mit Ihnen die technischen L\u00f6sungen, die BKL Ihnen bieten kann.<\/p>\n<\/div><\/div><\/div><\/div><\/div><\/div><\/div><\/section><section class=\"l-section wpb_row us_custom_e011b917 has_text_color height_auto width_full\"><div class=\"l-section-h i-cf\"><div class=\"g-cols vc_row via_flex valign_top type_default stacking_default\"><div class=\"vc_col-sm-12 wpb_column vc_column_container\"><div class=\"vc_column-inner\"><div class=\"wpb_wrapper\"><section class=\"l-section wpb_row us_custom_e011b917 has_text_color height_medium\"><div class=\"l-section-h i-cf\"><div class=\"g-cols vc_row via_flex valign_top type_default stacking_default\"><div class=\"vc_col-sm-12 wpb_column vc_column_container\"><div class=\"vc_column-inner\"><div class=\"wpb_wrapper\"><div class=\"w-hwrapper valign_middle wrap align_justify\" style=\"--hwrapper-gap:2.2rem\"><div class=\"wpb_text_column us_custom_2774bef1 h3-margin-bottom\"><div class=\"wpb_wrapper\"><h3>M\u00f6chten Sie mehr \u00fcber uns erfahren?<\/h3>\n<\/div><\/div><div class=\"w-btn-wrapper align_none\"><a class=\"w-btn us-btn-style_1\" title=\"Kontakt\" href=\"\/de\/kontakt\/\"><span class=\"w-btn-label\">Kontaktieren Sie uns<\/span><\/a><\/div><\/div><\/div><\/div><\/div><\/div><\/div><\/section>\n<\/div><\/div><\/div><\/div><\/div><\/section>","protected":false},"excerpt":{"rendered":"Engineering Experts in Engineering Engineering mit h\u00f6chster Sicherheit Intelligente Engineering-L\u00f6sungen k\u00f6nnen einen erheblichen Vorteil bieten. Denken Sie z.B. an mehr Sicherheit f\u00fcr Ihre Mitarbeiter, mehr Prozesseffizienz und verbesserte Wettbewerbsf\u00e4higkeit. BKL entwickelt L\u00f6sungen, die Ihren Anforderungen entsprechen. Als technischer Dienstleister bieten wir den gesamten Engineering-Prozess an, von der...","protected":false},"author":2,"featured_media":0,"parent":16,"menu_order":0,"comment_status":"closed","ping_status":"closed","template":"","meta":{"footnotes":""},"class_list":["post-20","page","type-page","status-publish","hentry"],"yoast_head":"<!-- This site is optimized with the Yoast SEO plugin v27.4 - https:\/\/yoast.com\/product\/yoast-seo-wordpress\/ -->\n<title>Engineering - BKL<\/title>\n<meta name=\"robots\" content=\"index, follow, max-snippet:-1, max-image-preview:large, max-video-preview:-1\" \/>\n<link rel=\"canonical\" href=\"https:\/\/www.bkl.nl\/de\/fachgebiete\/technik\/\" \/>\n<meta property=\"og:locale\" content=\"de_DE\" \/>\n<meta property=\"og:type\" content=\"article\" \/>\n<meta property=\"og:title\" content=\"Engineering - BKL\" \/>\n<meta property=\"og:url\" content=\"https:\/\/www.bkl.nl\/de\/fachgebiete\/technik\/\" \/>\n<meta property=\"og:site_name\" content=\"BKL\" \/>\n<meta property=\"article:modified_time\" content=\"2026-04-30T09:07:19+00:00\" \/>\n<meta name=\"twitter:card\" content=\"summary_large_image\" \/>\n<meta name=\"twitter:label1\" content=\"Gesch\u00e4tzte Lesezeit\" \/>\n\t<meta name=\"twitter:data1\" content=\"4\u00a0Minuten\" \/>\n<script type=\"application\/ld+json\" class=\"yoast-schema-graph\">{\"@context\":\"https:\\\/\\\/schema.org\",\"@graph\":[{\"@type\":\"WebPage\",\"@id\":\"https:\\\/\\\/www.bkl.nl\\\/expert-fields\\\/engineering\\\/\",\"url\":\"https:\\\/\\\/www.bkl.nl\\\/expert-fields\\\/engineering\\\/\",\"name\":\"Engineering - BKL\",\"isPartOf\":{\"@id\":\"https:\\\/\\\/www.bkl.nl\\\/#website\"},\"datePublished\":\"2022-03-09T12:40:52+00:00\",\"dateModified\":\"2026-04-30T09:07:19+00:00\",\"breadcrumb\":{\"@id\":\"https:\\\/\\\/www.bkl.nl\\\/expert-fields\\\/engineering\\\/#breadcrumb\"},\"inLanguage\":\"de\",\"potentialAction\":[{\"@type\":\"ReadAction\",\"target\":[\"https:\\\/\\\/www.bkl.nl\\\/expert-fields\\\/engineering\\\/\"]}]},{\"@type\":\"BreadcrumbList\",\"@id\":\"https:\\\/\\\/www.bkl.nl\\\/expert-fields\\\/engineering\\\/#breadcrumb\",\"itemListElement\":[{\"@type\":\"ListItem\",\"position\":1,\"name\":\"Home\",\"item\":\"https:\\\/\\\/www.bkl.nl\\\/\"},{\"@type\":\"ListItem\",\"position\":2,\"name\":\"Expert fields\",\"item\":\"https:\\\/\\\/www.bkl.nl\\\/expert-fields\\\/\"},{\"@type\":\"ListItem\",\"position\":3,\"name\":\"Engineering\"}]},{\"@type\":\"WebSite\",\"@id\":\"https:\\\/\\\/www.bkl.nl\\\/#website\",\"url\":\"https:\\\/\\\/www.bkl.nl\\\/\",\"name\":\"BKL\",\"description\":\"Smart engineering\",\"publisher\":{\"@id\":\"https:\\\/\\\/www.bkl.nl\\\/#organization\"},\"potentialAction\":[{\"@type\":\"SearchAction\",\"target\":{\"@type\":\"EntryPoint\",\"urlTemplate\":\"https:\\\/\\\/www.bkl.nl\\\/?s={search_term_string}\"},\"query-input\":{\"@type\":\"PropertyValueSpecification\",\"valueRequired\":true,\"valueName\":\"search_term_string\"}}],\"inLanguage\":\"de\"},{\"@type\":\"Organization\",\"@id\":\"https:\\\/\\\/www.bkl.nl\\\/#organization\",\"name\":\"BKL Engineering\",\"url\":\"https:\\\/\\\/www.bkl.nl\\\/\",\"logo\":{\"@type\":\"ImageObject\",\"inLanguage\":\"de\",\"@id\":\"https:\\\/\\\/www.bkl.nl\\\/#\\\/schema\\\/logo\\\/image\\\/\",\"url\":\"https:\\\/\\\/www.bkl.nl\\\/wp-content\\\/uploads\\\/2022\\\/03\\\/logo_bkl_on_light.svg\",\"contentUrl\":\"https:\\\/\\\/www.bkl.nl\\\/wp-content\\\/uploads\\\/2022\\\/03\\\/logo_bkl_on_light.svg\",\"width\":\"1024\",\"height\":\"1024\",\"caption\":\"BKL Engineering\"},\"image\":{\"@id\":\"https:\\\/\\\/www.bkl.nl\\\/#\\\/schema\\\/logo\\\/image\\\/\"},\"sameAs\":[\"https:\\\/\\\/www.linkedin.com\\\/company\\\/bkl-bv\"]}]}<\/script>\n<!-- \/ Yoast SEO plugin. -->","yoast_head_json":{"title":"Technik - BKL","robots":{"index":"index","follow":"follow","max-snippet":"max-snippet:-1","max-image-preview":"max-image-preview:large","max-video-preview":"max-video-preview:-1"},"canonical":"https:\/\/www.bkl.nl\/de\/fachgebiete\/technik\/","og_locale":"de_DE","og_type":"article","og_title":"Engineering - BKL","og_url":"https:\/\/www.bkl.nl\/de\/fachgebiete\/technik\/","og_site_name":"BKL","article_modified_time":"2026-04-30T09:07:19+00:00","twitter_card":"summary_large_image","twitter_misc":{"Gesch\u00e4tzte Lesezeit":"4\u00a0Minuten"},"schema":{"@context":"https:\/\/schema.org","@graph":[{"@type":"WebPage","@id":"https:\/\/www.bkl.nl\/expert-fields\/engineering\/","url":"https:\/\/www.bkl.nl\/expert-fields\/engineering\/","name":"Technik - BKL","isPartOf":{"@id":"https:\/\/www.bkl.nl\/#website"},"datePublished":"2022-03-09T12:40:52+00:00","dateModified":"2026-04-30T09:07:19+00:00","breadcrumb":{"@id":"https:\/\/www.bkl.nl\/expert-fields\/engineering\/#breadcrumb"},"inLanguage":"de","potentialAction":[{"@type":"ReadAction","target":["https:\/\/www.bkl.nl\/expert-fields\/engineering\/"]}]},{"@type":"BreadcrumbList","@id":"https:\/\/www.bkl.nl\/expert-fields\/engineering\/#breadcrumb","itemListElement":[{"@type":"ListItem","position":1,"name":"Home","item":"https:\/\/www.bkl.nl\/"},{"@type":"ListItem","position":2,"name":"Expert fields","item":"https:\/\/www.bkl.nl\/expert-fields\/"},{"@type":"ListItem","position":3,"name":"Engineering"}]},{"@type":"WebSite","@id":"https:\/\/www.bkl.nl\/#website","url":"https:\/\/www.bkl.nl\/","name":"BKL","description":"Intelligente Technik","publisher":{"@id":"https:\/\/www.bkl.nl\/#organization"},"potentialAction":[{"@type":"SearchAction","target":{"@type":"EntryPoint","urlTemplate":"https:\/\/www.bkl.nl\/?s={search_term_string}"},"query-input":{"@type":"PropertyValueSpecification","valueRequired":true,"valueName":"search_term_string"}}],"inLanguage":"de"},{"@type":"Organization","@id":"https:\/\/www.bkl.nl\/#organization","name":"BKL Engineering","url":"https:\/\/www.bkl.nl\/","logo":{"@type":"ImageObject","inLanguage":"de","@id":"https:\/\/www.bkl.nl\/#\/schema\/logo\/image\/","url":"https:\/\/www.bkl.nl\/wp-content\/uploads\/2022\/03\/logo_bkl_on_light.svg","contentUrl":"https:\/\/www.bkl.nl\/wp-content\/uploads\/2022\/03\/logo_bkl_on_light.svg","width":"1024","height":"1024","caption":"BKL Engineering"},"image":{"@id":"https:\/\/www.bkl.nl\/#\/schema\/logo\/image\/"},"sameAs":["https:\/\/www.linkedin.com\/company\/bkl-bv"]}]}},"_links":{"self":[{"href":"https:\/\/www.bkl.nl\/de\/wp-json\/wp\/v2\/pages\/20","targetHints":{"allow":["GET"]}}],"collection":[{"href":"https:\/\/www.bkl.nl\/de\/wp-json\/wp\/v2\/pages"}],"about":[{"href":"https:\/\/www.bkl.nl\/de\/wp-json\/wp\/v2\/types\/page"}],"author":[{"embeddable":true,"href":"https:\/\/www.bkl.nl\/de\/wp-json\/wp\/v2\/users\/2"}],"replies":[{"embeddable":true,"href":"https:\/\/www.bkl.nl\/de\/wp-json\/wp\/v2\/comments?post=20"}],"version-history":[{"count":3,"href":"https:\/\/www.bkl.nl\/de\/wp-json\/wp\/v2\/pages\/20\/revisions"}],"predecessor-version":[{"id":1881,"href":"https:\/\/www.bkl.nl\/de\/wp-json\/wp\/v2\/pages\/20\/revisions\/1881"}],"up":[{"embeddable":true,"href":"https:\/\/www.bkl.nl\/de\/wp-json\/wp\/v2\/pages\/16"}],"wp:attachment":[{"href":"https:\/\/www.bkl.nl\/de\/wp-json\/wp\/v2\/media?parent=20"}],"curies":[{"name":"wp","href":"https:\/\/api.w.org\/{rel}","templated":true}]}}