{"id":24,"date":"2022-03-09T12:41:25","date_gmt":"2022-03-09T12:41:25","guid":{"rendered":"https:\/\/bkl.questo.nl\/?page_id=24"},"modified":"2026-04-30T09:59:16","modified_gmt":"2026-04-30T09:59:16","slug":"inspektion","status":"publish","type":"page","link":"https:\/\/www.bkl.nl\/de\/expert-fields\/inspection\/","title":{"rendered":"Inspektion"},"content":{"rendered":"<section class=\"l-section wpb_row height_auto\"><div class=\"l-section-h i-cf\"><div class=\"g-cols vc_row via_flex valign_top type_default stacking_default\"><div class=\"vc_col-sm-12 wpb_column vc_column_container\"><div class=\"vc_column-inner\"><div class=\"wpb_wrapper\"><div class=\"w-separator size_large\"><\/div><\/div><\/div><\/div><\/div><\/div><\/section><section class=\"l-section wpb_row us_custom_f6979750 height_auto width_custom\" style=\"--site-content-width:1200px;\"><div class=\"l-section-h i-cf\"><div class=\"g-cols vc_row via_flex valign_top type_default stacking_default\"><div class=\"vc_col-sm-12 wpb_column vc_column_container\"><div class=\"vc_column-inner\"><div class=\"wpb_wrapper\"><div class=\"g-cols wpb_row via_flex valign_top type_default stacking_default\"><div class=\"vc_col-sm-6 wpb_column vc_column_container\"><div class=\"vc_column-inner us_custom_a480baa5\"><div class=\"wpb_wrapper\"><div class=\"wpb_text_column us_custom_99604e94 has_text_color\"><div class=\"wpb_wrapper\"><p>Inspektion<\/p>\n<\/div><\/div><div class=\"wpb_text_column\"><div class=\"wpb_wrapper\"><h1>Inspektionsexperten<\/h1>\n<\/div><\/div><\/div><\/div><\/div><div class=\"vc_col-sm-6 wpb_column vc_column_container\"><div class=\"vc_column-inner\"><div class=\"wpb_wrapper\"><\/div><\/div><\/div><\/div><div class=\"w-separator size_medium\"><\/div><div class=\"g-cols wpb_row via_flex valign_top type_default stacking_default\"><div class=\"vc_col-sm-6 wpb_column vc_column_container\"><div class=\"vc_column-inner us_custom_a480baa5\"><div class=\"wpb_wrapper\"><div class=\"wpb_text_column\"><div class=\"wpb_wrapper\"><p><strong>Mehr Sicherheit durch mehr Garantien<\/strong><br \/>\nEntsprechen Ihre Maschinen und Werkzeuge noch den gesetzlichen Normen? K\u00f6nnen sie von Ihren Mitarbeitern sicher bedient werden? Sind sie immer noch in der Lage, die Qualit\u00e4t zu garantieren, die den Erwartungen Ihrer Kunden entspricht?<\/p>\n<p>BKL gibt Auskunft. Wir sind Sicherheitsexperten und spezialisieren uns auf Hebezeuge. Als Hersteller kennen wir diese Werkzeuge in- und auswendig und als Pr\u00fcfstelle sind wir ISO 17020:2012 (<strong>I 229<\/strong>Typ\u00a0<strong>C<\/strong><strong>)<\/strong>\u00a0akkreditiert. Wir bieten ein breites Spektrum an Dienstleistungen: vom Nachweis der Eignung f\u00fcr den ersten Einsatz bis hin zur Durchf\u00fchrung regelm\u00e4\u00dfiger Inspektionen, Tests und Pr\u00fcfungen.<\/p>\n<p>BKL bietet Garantien. Unser Leitmotiv bei all unseren Aktivit\u00e4ten ist unsere Leidenschaft f\u00fcr Sicherheit. Wir \u00fcberlassen nichts dem Zufall, und bei dem Thema Sicherheit gehen wir keine Kompromisse ein.<\/p>\n<p><strong>Inspektion mit blo\u00dfem Auge<\/strong><br \/>\nBKL hat ein Auge f\u00fcr (komplexe) Hebezeuge und informiert Sie \u00fcber den Zustand Ihrer Werkzeuge. Eine Sichtpr\u00fcfung sorgt f\u00fcr Klarheit und bietet Garantien. Unsere Experten pr\u00fcfen Ihre Werkzeuge, halten ihre Ergebnisse schriftlich fest und geben Benutzerempfehlungen. Auf diese Weise k\u00f6nnen Sie Risiken auf ein akzeptables Ma\u00df reduzieren.<\/p>\n<\/div><\/div><\/div><\/div><\/div><div class=\"vc_col-sm-6 wpb_column vc_column_container\"><div class=\"vc_column-inner us_custom_9be03f34\"><div class=\"wpb_wrapper\"><div class=\"w-image us_custom_dbe572e5 align_center\"><div class=\"w-image-h\"><img decoding=\"async\" width=\"700\" height=\"500\" src=\"https:\/\/www.bkl.nl\/wp-content\/uploads\/2022\/03\/Inspection-top-700x500px.jpg\" class=\"attachment-full size-full\" alt=\"\" loading=\"lazy\" srcset=\"https:\/\/www.bkl.nl\/wp-content\/uploads\/2022\/03\/Inspection-top-700x500px.jpg 700w, https:\/\/www.bkl.nl\/wp-content\/uploads\/2022\/03\/Inspection-top-700x500px-300x214.jpg 300w\" sizes=\"auto, (max-width: 700px) 100vw, 700px\" \/><\/div><\/div><\/div><\/div><\/div><\/div><\/div><\/div><\/div><\/div><\/div><\/section><section class=\"l-section wpb_row height_large\"><div class=\"l-section-h i-cf\"><div class=\"g-cols vc_row via_flex valign_middle type_default reversed stacking_default\"><div class=\"vc_col-sm-6 wpb_column vc_column_container\"><div class=\"vc_column-inner us_custom_3d80be9e\"><div class=\"wpb_wrapper\"><div class=\"w-image align_center\"><div class=\"w-image-h\"><img decoding=\"async\" width=\"700\" height=\"900\" src=\"https:\/\/www.bkl.nl\/wp-content\/uploads\/2022\/03\/Inspection-bottom-700x900px.jpg\" class=\"attachment-full size-full\" alt=\"\" loading=\"lazy\" srcset=\"https:\/\/www.bkl.nl\/wp-content\/uploads\/2022\/03\/Inspection-bottom-700x900px.jpg 700w, https:\/\/www.bkl.nl\/wp-content\/uploads\/2022\/03\/Inspection-bottom-700x900px-233x300.jpg 233w\" sizes=\"auto, (max-width: 700px) 100vw, 700px\" \/><\/div><\/div><\/div><\/div><\/div><div class=\"vc_col-sm-6 wpb_column vc_column_container\"><div class=\"vc_column-inner\"><div class=\"wpb_wrapper\"><div class=\"wpb_text_column us_custom_1c62d5f3\"><div class=\"wpb_wrapper\"><p><strong>Inspektion mit blo\u00dfem Auge<\/strong><br \/>\nProbieren geht \u00fcber Studieren. Wenn es um Sicherheit geht, ist BKL gr\u00fcndlich. Ein Test beweist die Qualit\u00e4t, den physischen Zustand und die Sicherheit Ihrer Hebezeuge. Die t\u00e4gliche Praxis wird simuliert und umfasst einen \u00dcberlasttest inklusive anschlie\u00dfender Sichtpr\u00fcfung. Sie erhalten einen Bericht und Benutzerhinweise, die Ihnen die gew\u00fcnschte Garantie bieten.<\/p>\n<p><strong>Pr\u00fcfung bis ins kleinste Detail<\/strong><br \/>\nMinimale Ursachen k\u00f6nnen schwerwiegende Auswirkungen haben. Denken Sie beispielsweise an Mikrorisse in Schwei\u00dfkonstruktionen. Wenn BKL Ihre Hebezeuge untersucht, k\u00f6nnen Sie sich darauf verlassen, dass die Inspektion sorgf\u00e4ltig und bis ins letzte Detail erfolgt. Zur Untersuchung Ihrer Werkzeuge und zur Bestimmung des Zustands wird eine spezielle Methode angewandt. Anschlie\u00dfend werden die Ergebnisse in einem Bericht festgehalten und Sie erhalten eine Beratung zu eventuell anfallenden Repearaturen.<\/p>\n<p><strong>Weitere Informationen?<\/strong><br \/>\nM\u00f6chten Sie wissen, was BKL f\u00fcr Sie tun kann? Gerne nehmen wir uns Zeit, um mit Ihnen \u00fcber Inspektionen, Tests und Pr\u00fcfungen zu sprechen.<\/p>\n<\/div><\/div><\/div><\/div><\/div><\/div><\/div><\/section><section class=\"l-section wpb_row us_custom_e011b917 has_text_color height_auto width_full\"><div class=\"l-section-h i-cf\"><div class=\"g-cols vc_row via_flex valign_top type_default stacking_default\"><div class=\"vc_col-sm-12 wpb_column vc_column_container\"><div class=\"vc_column-inner\"><div class=\"wpb_wrapper\"><section class=\"l-section wpb_row us_custom_e011b917 has_text_color height_medium\"><div class=\"l-section-h i-cf\"><div class=\"g-cols vc_row via_flex valign_top type_default stacking_default\"><div class=\"vc_col-sm-12 wpb_column vc_column_container\"><div class=\"vc_column-inner\"><div class=\"wpb_wrapper\"><div class=\"w-hwrapper valign_middle wrap align_justify\" style=\"--hwrapper-gap:2.2rem\"><div class=\"wpb_text_column us_custom_2774bef1 h3-margin-bottom\"><div class=\"wpb_wrapper\"><h3>M\u00f6chten Sie mehr \u00fcber uns erfahren?<\/h3>\n<\/div><\/div><div class=\"w-btn-wrapper align_none\"><a class=\"w-btn us-btn-style_1\" title=\"Kontakt\" href=\"\/de\/kontakt\/\"><span class=\"w-btn-label\">Kontaktieren Sie uns<\/span><\/a><\/div><\/div><\/div><\/div><\/div><\/div><\/div><\/section>\n<\/div><\/div><\/div><\/div><\/div><\/section>","protected":false},"excerpt":{"rendered":"Inspection Experts in Inspection Mehr Sicherheit durch mehr Garantien Entsprechen Ihre Maschinen und Werkzeuge noch den gesetzlichen Normen? K\u00f6nnen sie von Ihren Mitarbeitern sicher bedient werden? Sind sie noch in der Lage, eine Qualit\u00e4t zu gew\u00e4hrleisten, die den Erwartungen Ihrer Kunden entspricht? BKL gibt Auskunft. Wir sind Sicherheitsexperten und spezialisiert auf Hebezeuge und...","protected":false},"author":2,"featured_media":0,"parent":16,"menu_order":0,"comment_status":"closed","ping_status":"closed","template":"","meta":{"footnotes":""},"class_list":["post-24","page","type-page","status-publish","hentry"],"yoast_head":"<!-- This site is optimized with the Yoast SEO plugin v27.4 - https:\/\/yoast.com\/product\/yoast-seo-wordpress\/ -->\n<title>Inspection - BKL<\/title>\n<meta name=\"robots\" content=\"index, follow, max-snippet:-1, max-image-preview:large, max-video-preview:-1\" \/>\n<link rel=\"canonical\" href=\"https:\/\/www.bkl.nl\/de\/fachgebiete\/inspektion\/\" \/>\n<meta property=\"og:locale\" content=\"de_DE\" \/>\n<meta property=\"og:type\" content=\"article\" \/>\n<meta property=\"og:title\" content=\"Inspection - BKL\" \/>\n<meta property=\"og:url\" content=\"https:\/\/www.bkl.nl\/de\/fachgebiete\/inspektion\/\" \/>\n<meta property=\"og:site_name\" content=\"BKL\" \/>\n<meta property=\"article:modified_time\" content=\"2026-04-30T09:59:16+00:00\" \/>\n<meta name=\"twitter:card\" content=\"summary_large_image\" \/>\n<meta name=\"twitter:label1\" content=\"Gesch\u00e4tzte Lesezeit\" \/>\n\t<meta name=\"twitter:data1\" content=\"4\u00a0Minuten\" \/>\n<script type=\"application\/ld+json\" class=\"yoast-schema-graph\">{\"@context\":\"https:\\\/\\\/schema.org\",\"@graph\":[{\"@type\":\"WebPage\",\"@id\":\"https:\\\/\\\/www.bkl.nl\\\/expert-fields\\\/inspection\\\/\",\"url\":\"https:\\\/\\\/www.bkl.nl\\\/expert-fields\\\/inspection\\\/\",\"name\":\"Inspection - BKL\",\"isPartOf\":{\"@id\":\"https:\\\/\\\/www.bkl.nl\\\/#website\"},\"datePublished\":\"2022-03-09T12:41:25+00:00\",\"dateModified\":\"2026-04-30T09:59:16+00:00\",\"breadcrumb\":{\"@id\":\"https:\\\/\\\/www.bkl.nl\\\/expert-fields\\\/inspection\\\/#breadcrumb\"},\"inLanguage\":\"de\",\"potentialAction\":[{\"@type\":\"ReadAction\",\"target\":[\"https:\\\/\\\/www.bkl.nl\\\/expert-fields\\\/inspection\\\/\"]}]},{\"@type\":\"BreadcrumbList\",\"@id\":\"https:\\\/\\\/www.bkl.nl\\\/expert-fields\\\/inspection\\\/#breadcrumb\",\"itemListElement\":[{\"@type\":\"ListItem\",\"position\":1,\"name\":\"Home\",\"item\":\"https:\\\/\\\/www.bkl.nl\\\/\"},{\"@type\":\"ListItem\",\"position\":2,\"name\":\"Expert fields\",\"item\":\"https:\\\/\\\/www.bkl.nl\\\/expert-fields\\\/\"},{\"@type\":\"ListItem\",\"position\":3,\"name\":\"Inspection\"}]},{\"@type\":\"WebSite\",\"@id\":\"https:\\\/\\\/www.bkl.nl\\\/#website\",\"url\":\"https:\\\/\\\/www.bkl.nl\\\/\",\"name\":\"BKL\",\"description\":\"Smart engineering\",\"publisher\":{\"@id\":\"https:\\\/\\\/www.bkl.nl\\\/#organization\"},\"potentialAction\":[{\"@type\":\"SearchAction\",\"target\":{\"@type\":\"EntryPoint\",\"urlTemplate\":\"https:\\\/\\\/www.bkl.nl\\\/?s={search_term_string}\"},\"query-input\":{\"@type\":\"PropertyValueSpecification\",\"valueRequired\":true,\"valueName\":\"search_term_string\"}}],\"inLanguage\":\"de\"},{\"@type\":\"Organization\",\"@id\":\"https:\\\/\\\/www.bkl.nl\\\/#organization\",\"name\":\"BKL Engineering\",\"url\":\"https:\\\/\\\/www.bkl.nl\\\/\",\"logo\":{\"@type\":\"ImageObject\",\"inLanguage\":\"de\",\"@id\":\"https:\\\/\\\/www.bkl.nl\\\/#\\\/schema\\\/logo\\\/image\\\/\",\"url\":\"https:\\\/\\\/www.bkl.nl\\\/wp-content\\\/uploads\\\/2022\\\/03\\\/logo_bkl_on_light.svg\",\"contentUrl\":\"https:\\\/\\\/www.bkl.nl\\\/wp-content\\\/uploads\\\/2022\\\/03\\\/logo_bkl_on_light.svg\",\"width\":\"1024\",\"height\":\"1024\",\"caption\":\"BKL Engineering\"},\"image\":{\"@id\":\"https:\\\/\\\/www.bkl.nl\\\/#\\\/schema\\\/logo\\\/image\\\/\"},\"sameAs\":[\"https:\\\/\\\/www.linkedin.com\\\/company\\\/bkl-bv\"]}]}<\/script>\n<!-- \/ Yoast SEO plugin. -->","yoast_head_json":{"title":"Inspektion - BKL","robots":{"index":"index","follow":"follow","max-snippet":"max-snippet:-1","max-image-preview":"max-image-preview:large","max-video-preview":"max-video-preview:-1"},"canonical":"https:\/\/www.bkl.nl\/de\/fachgebiete\/inspektion\/","og_locale":"de_DE","og_type":"article","og_title":"Inspection - BKL","og_url":"https:\/\/www.bkl.nl\/de\/fachgebiete\/inspektion\/","og_site_name":"BKL","article_modified_time":"2026-04-30T09:59:16+00:00","twitter_card":"summary_large_image","twitter_misc":{"Gesch\u00e4tzte Lesezeit":"4\u00a0Minuten"},"schema":{"@context":"https:\/\/schema.org","@graph":[{"@type":"WebPage","@id":"https:\/\/www.bkl.nl\/expert-fields\/inspection\/","url":"https:\/\/www.bkl.nl\/expert-fields\/inspection\/","name":"Inspektion - BKL","isPartOf":{"@id":"https:\/\/www.bkl.nl\/#website"},"datePublished":"2022-03-09T12:41:25+00:00","dateModified":"2026-04-30T09:59:16+00:00","breadcrumb":{"@id":"https:\/\/www.bkl.nl\/expert-fields\/inspection\/#breadcrumb"},"inLanguage":"de","potentialAction":[{"@type":"ReadAction","target":["https:\/\/www.bkl.nl\/expert-fields\/inspection\/"]}]},{"@type":"BreadcrumbList","@id":"https:\/\/www.bkl.nl\/expert-fields\/inspection\/#breadcrumb","itemListElement":[{"@type":"ListItem","position":1,"name":"Home","item":"https:\/\/www.bkl.nl\/"},{"@type":"ListItem","position":2,"name":"Expert fields","item":"https:\/\/www.bkl.nl\/expert-fields\/"},{"@type":"ListItem","position":3,"name":"Inspection"}]},{"@type":"WebSite","@id":"https:\/\/www.bkl.nl\/#website","url":"https:\/\/www.bkl.nl\/","name":"BKL","description":"Intelligente Technik","publisher":{"@id":"https:\/\/www.bkl.nl\/#organization"},"potentialAction":[{"@type":"SearchAction","target":{"@type":"EntryPoint","urlTemplate":"https:\/\/www.bkl.nl\/?s={search_term_string}"},"query-input":{"@type":"PropertyValueSpecification","valueRequired":true,"valueName":"search_term_string"}}],"inLanguage":"de"},{"@type":"Organization","@id":"https:\/\/www.bkl.nl\/#organization","name":"BKL Engineering","url":"https:\/\/www.bkl.nl\/","logo":{"@type":"ImageObject","inLanguage":"de","@id":"https:\/\/www.bkl.nl\/#\/schema\/logo\/image\/","url":"https:\/\/www.bkl.nl\/wp-content\/uploads\/2022\/03\/logo_bkl_on_light.svg","contentUrl":"https:\/\/www.bkl.nl\/wp-content\/uploads\/2022\/03\/logo_bkl_on_light.svg","width":"1024","height":"1024","caption":"BKL Engineering"},"image":{"@id":"https:\/\/www.bkl.nl\/#\/schema\/logo\/image\/"},"sameAs":["https:\/\/www.linkedin.com\/company\/bkl-bv"]}]}},"_links":{"self":[{"href":"https:\/\/www.bkl.nl\/de\/wp-json\/wp\/v2\/pages\/24","targetHints":{"allow":["GET"]}}],"collection":[{"href":"https:\/\/www.bkl.nl\/de\/wp-json\/wp\/v2\/pages"}],"about":[{"href":"https:\/\/www.bkl.nl\/de\/wp-json\/wp\/v2\/types\/page"}],"author":[{"embeddable":true,"href":"https:\/\/www.bkl.nl\/de\/wp-json\/wp\/v2\/users\/2"}],"replies":[{"embeddable":true,"href":"https:\/\/www.bkl.nl\/de\/wp-json\/wp\/v2\/comments?post=24"}],"version-history":[{"count":3,"href":"https:\/\/www.bkl.nl\/de\/wp-json\/wp\/v2\/pages\/24\/revisions"}],"predecessor-version":[{"id":1886,"href":"https:\/\/www.bkl.nl\/de\/wp-json\/wp\/v2\/pages\/24\/revisions\/1886"}],"up":[{"embeddable":true,"href":"https:\/\/www.bkl.nl\/de\/wp-json\/wp\/v2\/pages\/16"}],"wp:attachment":[{"href":"https:\/\/www.bkl.nl\/de\/wp-json\/wp\/v2\/media?parent=24"}],"curies":[{"name":"wp","href":"https:\/\/api.w.org\/{rel}","templated":true}]}}