{"id":26,"date":"2022-03-09T12:41:41","date_gmt":"2022-03-09T12:41:41","guid":{"rendered":"https:\/\/bkl.questo.nl\/?page_id=26"},"modified":"2026-04-30T09:55:53","modified_gmt":"2026-04-30T09:55:53","slug":"dienstleistungen","status":"publish","type":"page","link":"https:\/\/www.bkl.nl\/de\/expert-fields\/services\/","title":{"rendered":"Serviceleistungen"},"content":{"rendered":"<section class=\"l-section wpb_row height_auto\"><div class=\"l-section-h i-cf\"><div class=\"g-cols vc_row via_flex valign_top type_default stacking_default\"><div class=\"vc_col-sm-12 wpb_column vc_column_container\"><div class=\"vc_column-inner\"><div class=\"wpb_wrapper\"><div class=\"w-separator size_large\"><\/div><\/div><\/div><\/div><\/div><\/div><\/section><section class=\"l-section wpb_row us_custom_1389ff16 height_auto width_full\"><div class=\"l-section-h i-cf\"><div class=\"g-cols vc_row via_flex valign_top type_default stacking_default\"><div class=\"vc_col-sm-12 wpb_column vc_column_container\"><div class=\"vc_column-inner\"><div class=\"wpb_wrapper\"><div class=\"g-cols wpb_row via_flex valign_top type_default stacking_default\"><div class=\"vc_col-sm-6 wpb_column vc_column_container\"><div class=\"vc_column-inner us_custom_a480baa5\"><div class=\"wpb_wrapper\"><div class=\"wpb_text_column us_custom_99604e94 has_text_color\"><div class=\"wpb_wrapper\"><p>Serviceleistungen<\/p>\n<\/div><\/div><div class=\"wpb_text_column\"><div class=\"wpb_wrapper\"><h1>Dienstleistungsexperten<\/h1>\n<\/div><\/div><\/div><\/div><\/div><div class=\"vc_col-sm-6 wpb_column vc_column_container\"><div class=\"vc_column-inner\"><div class=\"wpb_wrapper\"><\/div><\/div><\/div><\/div><div class=\"w-separator size_medium\"><\/div><div class=\"g-cols wpb_row via_flex valign_top type_default stacking_default\"><div class=\"vc_col-sm-6 wpb_column vc_column_container\"><div class=\"vc_column-inner us_custom_a480baa5\"><div class=\"wpb_wrapper\"><div class=\"wpb_text_column\"><div class=\"wpb_wrapper\"><p><strong>Dienstleistungen f\u00fcr zus\u00e4tzliche Optionen<\/strong><br \/>\nSind Sie auf der Suche nach Wissen und Fachwissen au\u00dferhalb Ihrer Branche? BKL bietet zus\u00e4tzliche Kapazit\u00e4t. Als technischer Dienstleister in Mechanik und Mechatronik vereinen wir Wissen und Know-how in einem umfassenden Leistungspaket.<\/p>\n<p>Wir bieten unter anderem Beratung, Schulung, Wartung, Reparaturen, Instandsetzung und Werkzeugmanagement f\u00fcr Ihre Hebezeuge. So k\u00f6nnen Sie zus\u00e4tzliche Kapazit\u00e4ten nutzen, um Mehrwert zu schaffen, die Effizienz zu steigern und die Sicherheit zu f\u00f6rdern.<\/p>\n<p>Das Leitmotiv f\u00fcr unsere Arbeit ist unsere Leidenschaft f\u00fcr Sicherheit. Wir \u00fcberlassen nichts dem Zufall, und wir werden niemals Kompromisse bei der Sicherheit eingehen. Zweck unserer Dienstleistungen ist die Verhinderung von Zwischenf\u00e4llen sowie ein verantwortungsvoller Umgang mit (Rest-)Risiken.<\/p>\n<p><strong>Beratung: weniger Risiken, mehr Sicherheit<\/strong><br \/>\nWenn Sie eine Maschine innerhalb der EU vermarkten m\u00f6chten, muss diese m\u00f6glicherweise der Maschinenrichtlinie entsprechen. Wie werden Sie das handhaben? Unsere Berater unterst\u00fctzen Sie bei der Herstellung von inh\u00e4rent sicheren Maschinen; Risiken werden w\u00e4hrend der Konzept-, Design- und Proto-Phase ermittelt. Bei Bedarf legen wir risikomindernde Ma\u00dfnahmen fest. Wir verf\u00fcgen \u00fcber spezifisches Know-how in Bezug auf Hebezeuge und k\u00f6nnen dar\u00fcber hinaus auch Dienstleistungen f\u00fcr nicht manuell angetriebene Maschinen anbieten.<\/p>\n<p><strong>Schulungsprogramme f\u00fcr verantwortungsbewussten Einsatz<\/strong><br \/>\nEin sicherer und verantwortungsvoller Umgang mit Maschinen erfordert spezielle F\u00e4higkeiten. BKL bietet spezielle Schulungsprogramme f\u00fcr Ihre Mitarbeiter an: intensiv, ma\u00dfgeschneidert, bei Ihnen vor Ort oder in unserem B\u00fcro in Nuenen. In Gruppen von mindestens zwei und maximal f\u00fcnf Teilnehmern werden Ihre Mitarbeiter \u00fcber Risiken und die sichere Anwendung unterrichtet. Das Trainingsprogramm dauert 1 \u2013 1,5 Tage, ist individuell und pers\u00f6nlich ausgerichtet und wird durch einen Praxistest abgeschlossen.<\/p>\n<\/div><\/div><\/div><\/div><\/div><div class=\"vc_col-sm-6 wpb_column vc_column_container\"><div class=\"vc_column-inner us_custom_9be03f34\"><div class=\"wpb_wrapper\"><div class=\"w-image align_center\"><div class=\"w-image-h\"><img decoding=\"async\" width=\"700\" height=\"1000\" src=\"https:\/\/www.bkl.nl\/wp-content\/uploads\/2022\/03\/Product-safety-700x1000px.jpg\" class=\"attachment-full size-full\" alt=\"\" loading=\"lazy\" srcset=\"https:\/\/www.bkl.nl\/wp-content\/uploads\/2022\/03\/Product-safety-700x1000px.jpg 700w, https:\/\/www.bkl.nl\/wp-content\/uploads\/2022\/03\/Product-safety-700x1000px-210x300.jpg 210w\" sizes=\"auto, (max-width: 700px) 100vw, 700px\" \/><\/div><\/div><\/div><\/div><\/div><\/div><\/div><\/div><\/div><\/div><\/div><\/section><section class=\"l-section wpb_row height_large\"><div class=\"l-section-h i-cf\"><div class=\"g-cols vc_row via_flex valign_top type_default reversed stacking_default\"><div class=\"vc_col-sm-6 wpb_column vc_column_container\"><div class=\"vc_column-inner us_custom_3d80be9e\"><div class=\"wpb_wrapper\"><div class=\"w-image align_center\"><div class=\"w-image-h\"><img decoding=\"async\" width=\"700\" height=\"900\" src=\"https:\/\/www.bkl.nl\/wp-content\/uploads\/2022\/03\/Home-tronair-service-center-700x900px.jpg\" class=\"attachment-full size-full\" alt=\"\" loading=\"lazy\" srcset=\"https:\/\/www.bkl.nl\/wp-content\/uploads\/2022\/03\/Home-tronair-service-center-700x900px.jpg 700w, https:\/\/www.bkl.nl\/wp-content\/uploads\/2022\/03\/Home-tronair-service-center-700x900px-233x300.jpg 233w\" sizes=\"auto, (max-width: 700px) 100vw, 700px\" \/><\/div><\/div><\/div><\/div><\/div><div class=\"vc_col-sm-6 wpb_column vc_column_container\"><div class=\"vc_column-inner\"><div class=\"wpb_wrapper\"><div class=\"wpb_text_column\"><div class=\"wpb_wrapper\"><p><strong>Wartung: Investition in Kontinuit\u00e4t<\/strong><br \/>\nHebezeuge, Ausr\u00fcstungsgegenst\u00e4nde und Maschinen m\u00fcssen gelegentlich zu festgelegten Zeiten gewartet werden. BKL bietet Garantien. Wir sorgen daf\u00fcr, dass Ihre Investition stets in bestem Zustand ist, um einen sicheren Betrieb zu erm\u00f6glichen. Die Wartung erfolgt nach den Vorgaben des Herstellers, ggf. in Absprache mit unseren Ingenieuren. Mit einer Betriebswerkstatt und Experten sind wir f\u00fcr die professionelle Wartung ger\u00fcstet.<\/p>\n<p><strong>Reparaturen mit kurzer Fertigstellungszeit<\/strong><br \/>\nBKL repariert Ihre Hebezeuge, Ger\u00e4te und Maschinen fachm\u00e4nnisch und achtet dabei stets darauf, dass der sichere Einsatz f\u00fcr Ihre Mitarbeiter von gr\u00f6\u00dfter Bedeutung ist. Die Fertigstellungszeiten sind kurz und Bauteile k\u00f6nnen von uns gefertigt werden. Wir verf\u00fcgen \u00fcber eine eigene Werkstatt und unsere Experten sind stets optimal auf jeden einzelnen Auftrag fokussiert.<\/p>\n<p><strong>General\u00fcberholung als Mittel der Nachhaltigkeit<\/strong><br \/>\nDenken Sie dar\u00fcber nach, Ihren Maschinen neues Leben einzuhauchen? Ist ein Update zur Erh\u00f6hung der Sicherheit eine Option? BKL general\u00fcberholt. Die Wiederaufarbeitung kann wirtschaftlich attraktiv sein und die Wiederverwendung kn\u00fcpft an die soziale Verantwortung der Unternehmen an. Dies k\u00f6nnte Ihr Beitrag zur Nachhaltigkeit sein.<\/p>\n<p><strong>Werkzeugmanagement: Outsourcing zahlt sich aus<\/strong><strong>: Outsourcing zahlt sich aus<\/strong><br \/>\nEffizientes Management tr\u00e4gt zur bestm\u00f6glichen Nutzung Ihrer Werkzeuge bei. Au\u00dferdem kann so gew\u00e4hrleistet werden, dass sie sich in einem ausgezeichneten Zustand befinden und zur sicheren Verwendung bereit sind. Ein effizientes Werkzeugmanagement erfordert jedoch Zeit und Fachwissen \u2013 insbesondere dann, wenn Sie \u00fcber eine betr\u00e4chtliche Anzahl an Werkzeugen verf\u00fcgen. BKL \u00fcbernimmt das Werkzeugmanagement f\u00fcr Sie, bietet individuelle Anpassungen und garantiert die bestm\u00f6gliche Verf\u00fcgbarkeit.<\/p>\n<p><strong>Weitere Informationen?<\/strong><br \/>\nM\u00f6chten Sie wissen, was BKL f\u00fcr Sie tun kann? Gerne nehmen wir uns Zeit, um mit Ihnen \u00fcber die Leistungen zu sprechen, die wir anbieten k\u00f6nnen.<\/p>\n<\/div><\/div><\/div><\/div><\/div><\/div><\/div><\/section><section class=\"l-section wpb_row us_custom_e011b917 has_text_color height_auto width_full\"><div class=\"l-section-h i-cf\"><div class=\"g-cols vc_row via_flex valign_top type_default stacking_default\"><div class=\"vc_col-sm-12 wpb_column vc_column_container\"><div class=\"vc_column-inner\"><div class=\"wpb_wrapper\"><section class=\"l-section wpb_row us_custom_e011b917 has_text_color height_medium\"><div class=\"l-section-h i-cf\"><div class=\"g-cols vc_row via_flex valign_top type_default stacking_default\"><div class=\"vc_col-sm-12 wpb_column vc_column_container\"><div class=\"vc_column-inner\"><div class=\"wpb_wrapper\"><div class=\"w-hwrapper valign_middle wrap align_justify\" style=\"--hwrapper-gap:2.2rem\"><div class=\"wpb_text_column us_custom_2774bef1 h3-margin-bottom\"><div class=\"wpb_wrapper\"><h3>M\u00f6chten Sie mehr \u00fcber uns erfahren?<\/h3>\n<\/div><\/div><div class=\"w-btn-wrapper align_none\"><a class=\"w-btn us-btn-style_1\" title=\"Kontakt\" href=\"\/de\/kontakt\/\"><span class=\"w-btn-label\">Kontaktieren Sie uns<\/span><\/a><\/div><\/div><\/div><\/div><\/div><\/div><\/div><\/section>\n<\/div><\/div><\/div><\/div><\/div><\/section>","protected":false},"excerpt":{"rendered":"Dienstleistungen Experten f\u00fcr Dienstleistungen Dienstleistungen f\u00fcr zus\u00e4tzliche Optionen Sie suchen Wissen und Kompetenz au\u00dferhalb Ihres Gesch\u00e4ftsfeldes? BKL bietet Ihnen zus\u00e4tzliche Kapazit\u00e4ten. Als technischer Dienstleister im Bereich Mechanik und Mechatronik b\u00fcndeln wir Wissen und Kompetenz in einem breiten Dienstleistungspaket. Wir bieten zum Beispiel Beratung, Schulung, Wartung, Reparatur, \u00dcberholung und...","protected":false},"author":2,"featured_media":0,"parent":16,"menu_order":0,"comment_status":"closed","ping_status":"closed","template":"","meta":{"footnotes":""},"class_list":["post-26","page","type-page","status-publish","hentry"],"yoast_head":"<!-- This site is optimized with the Yoast SEO plugin v27.4 - https:\/\/yoast.com\/product\/yoast-seo-wordpress\/ -->\n<title>Services - BKL<\/title>\n<meta name=\"robots\" content=\"index, follow, max-snippet:-1, max-image-preview:large, max-video-preview:-1\" \/>\n<link rel=\"canonical\" href=\"https:\/\/www.bkl.nl\/de\/fachgebiete\/dienstleistungen\/\" \/>\n<meta property=\"og:locale\" content=\"de_DE\" \/>\n<meta property=\"og:type\" content=\"article\" \/>\n<meta property=\"og:title\" content=\"Services - BKL\" \/>\n<meta property=\"og:url\" content=\"https:\/\/www.bkl.nl\/de\/fachgebiete\/dienstleistungen\/\" \/>\n<meta property=\"og:site_name\" content=\"BKL\" \/>\n<meta property=\"article:modified_time\" content=\"2026-04-30T09:55:53+00:00\" \/>\n<meta name=\"twitter:card\" content=\"summary_large_image\" \/>\n<meta name=\"twitter:label1\" content=\"Gesch\u00e4tzte Lesezeit\" \/>\n\t<meta name=\"twitter:data1\" content=\"3\u00a0Minuten\" \/>\n<script type=\"application\/ld+json\" class=\"yoast-schema-graph\">{\"@context\":\"https:\\\/\\\/schema.org\",\"@graph\":[{\"@type\":\"WebPage\",\"@id\":\"https:\\\/\\\/www.bkl.nl\\\/expert-fields\\\/services\\\/\",\"url\":\"https:\\\/\\\/www.bkl.nl\\\/expert-fields\\\/services\\\/\",\"name\":\"Services - BKL\",\"isPartOf\":{\"@id\":\"https:\\\/\\\/www.bkl.nl\\\/#website\"},\"datePublished\":\"2022-03-09T12:41:41+00:00\",\"dateModified\":\"2026-04-30T09:55:53+00:00\",\"breadcrumb\":{\"@id\":\"https:\\\/\\\/www.bkl.nl\\\/expert-fields\\\/services\\\/#breadcrumb\"},\"inLanguage\":\"de\",\"potentialAction\":[{\"@type\":\"ReadAction\",\"target\":[\"https:\\\/\\\/www.bkl.nl\\\/expert-fields\\\/services\\\/\"]}]},{\"@type\":\"BreadcrumbList\",\"@id\":\"https:\\\/\\\/www.bkl.nl\\\/expert-fields\\\/services\\\/#breadcrumb\",\"itemListElement\":[{\"@type\":\"ListItem\",\"position\":1,\"name\":\"Home\",\"item\":\"https:\\\/\\\/www.bkl.nl\\\/\"},{\"@type\":\"ListItem\",\"position\":2,\"name\":\"Expert fields\",\"item\":\"https:\\\/\\\/www.bkl.nl\\\/expert-fields\\\/\"},{\"@type\":\"ListItem\",\"position\":3,\"name\":\"Services\"}]},{\"@type\":\"WebSite\",\"@id\":\"https:\\\/\\\/www.bkl.nl\\\/#website\",\"url\":\"https:\\\/\\\/www.bkl.nl\\\/\",\"name\":\"BKL\",\"description\":\"Smart engineering\",\"publisher\":{\"@id\":\"https:\\\/\\\/www.bkl.nl\\\/#organization\"},\"potentialAction\":[{\"@type\":\"SearchAction\",\"target\":{\"@type\":\"EntryPoint\",\"urlTemplate\":\"https:\\\/\\\/www.bkl.nl\\\/?s={search_term_string}\"},\"query-input\":{\"@type\":\"PropertyValueSpecification\",\"valueRequired\":true,\"valueName\":\"search_term_string\"}}],\"inLanguage\":\"de\"},{\"@type\":\"Organization\",\"@id\":\"https:\\\/\\\/www.bkl.nl\\\/#organization\",\"name\":\"BKL Engineering\",\"url\":\"https:\\\/\\\/www.bkl.nl\\\/\",\"logo\":{\"@type\":\"ImageObject\",\"inLanguage\":\"de\",\"@id\":\"https:\\\/\\\/www.bkl.nl\\\/#\\\/schema\\\/logo\\\/image\\\/\",\"url\":\"https:\\\/\\\/www.bkl.nl\\\/wp-content\\\/uploads\\\/2022\\\/03\\\/logo_bkl_on_light.svg\",\"contentUrl\":\"https:\\\/\\\/www.bkl.nl\\\/wp-content\\\/uploads\\\/2022\\\/03\\\/logo_bkl_on_light.svg\",\"width\":\"1024\",\"height\":\"1024\",\"caption\":\"BKL Engineering\"},\"image\":{\"@id\":\"https:\\\/\\\/www.bkl.nl\\\/#\\\/schema\\\/logo\\\/image\\\/\"},\"sameAs\":[\"https:\\\/\\\/www.linkedin.com\\\/company\\\/bkl-bv\"]}]}<\/script>\n<!-- \/ Yoast SEO plugin. -->","yoast_head_json":{"title":"Dienstleistungen - BKL","robots":{"index":"index","follow":"follow","max-snippet":"max-snippet:-1","max-image-preview":"max-image-preview:large","max-video-preview":"max-video-preview:-1"},"canonical":"https:\/\/www.bkl.nl\/de\/fachgebiete\/dienstleistungen\/","og_locale":"de_DE","og_type":"article","og_title":"Services - BKL","og_url":"https:\/\/www.bkl.nl\/de\/fachgebiete\/dienstleistungen\/","og_site_name":"BKL","article_modified_time":"2026-04-30T09:55:53+00:00","twitter_card":"summary_large_image","twitter_misc":{"Gesch\u00e4tzte Lesezeit":"3\u00a0Minuten"},"schema":{"@context":"https:\/\/schema.org","@graph":[{"@type":"WebPage","@id":"https:\/\/www.bkl.nl\/expert-fields\/services\/","url":"https:\/\/www.bkl.nl\/expert-fields\/services\/","name":"Dienstleistungen - BKL","isPartOf":{"@id":"https:\/\/www.bkl.nl\/#website"},"datePublished":"2022-03-09T12:41:41+00:00","dateModified":"2026-04-30T09:55:53+00:00","breadcrumb":{"@id":"https:\/\/www.bkl.nl\/expert-fields\/services\/#breadcrumb"},"inLanguage":"de","potentialAction":[{"@type":"ReadAction","target":["https:\/\/www.bkl.nl\/expert-fields\/services\/"]}]},{"@type":"BreadcrumbList","@id":"https:\/\/www.bkl.nl\/expert-fields\/services\/#breadcrumb","itemListElement":[{"@type":"ListItem","position":1,"name":"Home","item":"https:\/\/www.bkl.nl\/"},{"@type":"ListItem","position":2,"name":"Expert fields","item":"https:\/\/www.bkl.nl\/expert-fields\/"},{"@type":"ListItem","position":3,"name":"Services"}]},{"@type":"WebSite","@id":"https:\/\/www.bkl.nl\/#website","url":"https:\/\/www.bkl.nl\/","name":"BKL","description":"Intelligente Technik","publisher":{"@id":"https:\/\/www.bkl.nl\/#organization"},"potentialAction":[{"@type":"SearchAction","target":{"@type":"EntryPoint","urlTemplate":"https:\/\/www.bkl.nl\/?s={search_term_string}"},"query-input":{"@type":"PropertyValueSpecification","valueRequired":true,"valueName":"search_term_string"}}],"inLanguage":"de"},{"@type":"Organization","@id":"https:\/\/www.bkl.nl\/#organization","name":"BKL Engineering","url":"https:\/\/www.bkl.nl\/","logo":{"@type":"ImageObject","inLanguage":"de","@id":"https:\/\/www.bkl.nl\/#\/schema\/logo\/image\/","url":"https:\/\/www.bkl.nl\/wp-content\/uploads\/2022\/03\/logo_bkl_on_light.svg","contentUrl":"https:\/\/www.bkl.nl\/wp-content\/uploads\/2022\/03\/logo_bkl_on_light.svg","width":"1024","height":"1024","caption":"BKL Engineering"},"image":{"@id":"https:\/\/www.bkl.nl\/#\/schema\/logo\/image\/"},"sameAs":["https:\/\/www.linkedin.com\/company\/bkl-bv"]}]}},"_links":{"self":[{"href":"https:\/\/www.bkl.nl\/de\/wp-json\/wp\/v2\/pages\/26","targetHints":{"allow":["GET"]}}],"collection":[{"href":"https:\/\/www.bkl.nl\/de\/wp-json\/wp\/v2\/pages"}],"about":[{"href":"https:\/\/www.bkl.nl\/de\/wp-json\/wp\/v2\/types\/page"}],"author":[{"embeddable":true,"href":"https:\/\/www.bkl.nl\/de\/wp-json\/wp\/v2\/users\/2"}],"replies":[{"embeddable":true,"href":"https:\/\/www.bkl.nl\/de\/wp-json\/wp\/v2\/comments?post=26"}],"version-history":[{"count":3,"href":"https:\/\/www.bkl.nl\/de\/wp-json\/wp\/v2\/pages\/26\/revisions"}],"predecessor-version":[{"id":1889,"href":"https:\/\/www.bkl.nl\/de\/wp-json\/wp\/v2\/pages\/26\/revisions\/1889"}],"up":[{"embeddable":true,"href":"https:\/\/www.bkl.nl\/de\/wp-json\/wp\/v2\/pages\/16"}],"wp:attachment":[{"href":"https:\/\/www.bkl.nl\/de\/wp-json\/wp\/v2\/media?parent=26"}],"curies":[{"name":"wp","href":"https:\/\/api.w.org\/{rel}","templated":true}]}}