{"id":598,"date":"2022-03-25T09:40:59","date_gmt":"2022-03-25T09:40:59","guid":{"rendered":"https:\/\/bkl.questo.nl\/?page_id=598"},"modified":"2022-03-25T09:43:49","modified_gmt":"2022-03-25T09:43:49","slug":"erklarung-zum-datenschutz","status":"publish","type":"page","link":"https:\/\/www.bkl.nl\/de\/privacy-statement\/","title":{"rendered":"Erkl\u00e4rung zum Datenschutz"},"content":{"rendered":"<section class=\"l-section wpb_row height_auto\"><div class=\"l-section-h i-cf\"><div class=\"g-cols vc_row via_flex valign_top type_default stacking_default\"><div class=\"vc_col-sm-12 wpb_column vc_column_container\"><div class=\"vc_column-inner\"><div class=\"wpb_wrapper\"><div class=\"w-separator size_large\"><\/div><\/div><\/div><\/div><\/div><\/div><\/section><section class=\"l-section wpb_row us_custom_32ce5fb7 height_medium\"><div class=\"l-section-h i-cf\"><div class=\"g-cols vc_row via_flex valign_top type_default stacking_default\"><div class=\"vc_col-sm-12 wpb_column vc_column_container\"><div class=\"vc_column-inner us_custom_31963582\"><div class=\"wpb_wrapper\"><div class=\"wpb_text_column us_custom_99604e94 has_text_color\"><div class=\"wpb_wrapper\"><p>HAFTUNGSAUSSCHLUSS<\/p>\n<\/div><\/div><div class=\"wpb_text_column\"><div class=\"wpb_wrapper\"><h1>Erkl\u00e4rung zum Datenschutz<\/h1>\n<\/div><\/div><div class=\"wpb_text_column\"><div class=\"wpb_wrapper\"><p><strong>Cookies<\/strong><br \/>\nWir verwenden auf unserer Website verschiedene Cookies. Cookies sind kleine Informationseinheiten, die w\u00e4hrend des Besuchs einer Website auf Ihrem Computer gespeichert werden. Einige Cookies sind f\u00fcr das ordnungsgem\u00e4\u00dfe Funktionieren einer Website notwendig, w\u00e4hrend andere Cookies pers\u00f6nliche Informationen sammeln. Cookies von bkl.nl sind sicher f\u00fcr Ihren PC, Laptop, Telefon oder Tablet.<\/p>\n<p><strong>Funktionale Cookies<\/strong><br \/>\nWir verwenden Cookies, um ein angenehmes Nutzererlebnis und einen schnellen Betrieb unserer Website zu gew\u00e4hrleisten.<\/p>\n<p><strong>Analytische Cookies<\/strong><br \/>\nDiese Cookies geben uns einen Einblick in die Nutzung unserer Website. Zu diesem Zweck verwenden wir Cookies f\u00fcr Google Analytics und Google Tag Manager. Die Verwendung von analytischen Cookies beeintr\u00e4chtigt nicht die Privatsph\u00e4re der Besucher. Auf der Grundlage der gewonnenen Daten kann die Website getestet werden. Dies erm\u00f6glicht es uns beispielsweise, Fehler und Unannehmlichkeiten zu erkennen, Verbesserungen zu testen und die Benutzerfreundlichkeit zu optimieren.<\/p>\n<p><strong>L\u00f6schen oder Deaktivieren von Cookies<\/strong><br \/>\nDie funktionalen Cookies von bkl.nl werden automatisch entfernt, wenn Sie Ihren Browser schlie\u00dfen. Andere Cookies bleiben l\u00e4nger bestehen, k\u00f6nnen aber \u00fcber die Browsereinstellungen entfernt oder deaktiviert werden. Beachten Sie jedoch, dass dadurch die Funktionalit\u00e4t der Website beeintr\u00e4chtigt werden kann.<\/p>\n<\/div><\/div><div class=\"w-separator size_medium\"><\/div><\/div><\/div><\/div><\/div><\/div><\/section><section class=\"l-section wpb_row us_custom_e011b917 has_text_color height_auto width_full\"><div class=\"l-section-h i-cf\"><div class=\"g-cols vc_row via_flex valign_top type_default stacking_default\"><div class=\"vc_col-sm-12 wpb_column vc_column_container\"><div class=\"vc_column-inner\"><div class=\"wpb_wrapper\"><section class=\"l-section wpb_row us_custom_e011b917 has_text_color height_medium\"><div class=\"l-section-h i-cf\"><div class=\"g-cols vc_row via_flex valign_top type_default stacking_default\"><div class=\"vc_col-sm-12 wpb_column vc_column_container\"><div class=\"vc_column-inner\"><div class=\"wpb_wrapper\"><div class=\"w-hwrapper valign_middle wrap align_justify\" style=\"--hwrapper-gap:2.2rem\"><div class=\"wpb_text_column us_custom_2774bef1 h3-margin-bottom\"><div class=\"wpb_wrapper\"><h3>M\u00f6chten Sie mehr \u00fcber uns erfahren?<\/h3>\n<\/div><\/div><div class=\"w-btn-wrapper align_none\"><a class=\"w-btn us-btn-style_1\" title=\"Kontakt\" href=\"\/de\/kontakt\/\"><span class=\"w-btn-label\">Kontaktieren Sie uns<\/span><\/a><\/div><\/div><\/div><\/div><\/div><\/div><\/div><\/section>\n<\/div><\/div><\/div><\/div><\/div><\/section>","protected":false},"excerpt":{"rendered":"DISCLAIMER Datenschutzerkl\u00e4rung Cookies Wir verwenden verschiedene Cookies auf unserer Website. Cookies sind kleine Informationseinheiten, die w\u00e4hrend des Besuchs einer Website auf Ihrem Computer gespeichert werden. Einige Cookies sind f\u00fcr das ordnungsgem\u00e4\u00dfe Funktionieren einer Website erforderlich, w\u00e4hrend andere Cookies pers\u00f6nliche Informationen sammeln. Cookies von bkl.nl sind sicher f\u00fcr Ihren PC, Laptop, Telefon...","protected":false},"author":2,"featured_media":0,"parent":0,"menu_order":0,"comment_status":"closed","ping_status":"closed","template":"","meta":{"footnotes":""},"class_list":["post-598","page","type-page","status-publish","hentry"],"yoast_head":"<!-- This site is optimized with the Yoast SEO plugin v27.4 - https:\/\/yoast.com\/product\/yoast-seo-wordpress\/ -->\n<title>Privacy statement - BKL<\/title>\n<meta name=\"robots\" content=\"index, follow, max-snippet:-1, max-image-preview:large, max-video-preview:-1\" \/>\n<link rel=\"canonical\" href=\"https:\/\/www.bkl.nl\/de\/erklarung-zum-datenschutz\/\" \/>\n<meta property=\"og:locale\" content=\"de_DE\" \/>\n<meta property=\"og:type\" content=\"article\" \/>\n<meta property=\"og:title\" content=\"Privacy statement - BKL\" \/>\n<meta property=\"og:url\" content=\"https:\/\/www.bkl.nl\/de\/erklarung-zum-datenschutz\/\" \/>\n<meta property=\"og:site_name\" content=\"BKL\" \/>\n<meta property=\"article:modified_time\" content=\"2022-03-25T09:43:49+00:00\" \/>\n<meta name=\"twitter:card\" content=\"summary_large_image\" \/>\n<meta name=\"twitter:label1\" content=\"Gesch\u00e4tzte Lesezeit\" \/>\n\t<meta name=\"twitter:data1\" content=\"2\u00a0Minuten\" \/>\n<script type=\"application\/ld+json\" class=\"yoast-schema-graph\">{\"@context\":\"https:\\\/\\\/schema.org\",\"@graph\":[{\"@type\":\"WebPage\",\"@id\":\"https:\\\/\\\/www.bkl.nl\\\/privacy-statement\\\/\",\"url\":\"https:\\\/\\\/www.bkl.nl\\\/privacy-statement\\\/\",\"name\":\"Privacy statement - BKL\",\"isPartOf\":{\"@id\":\"https:\\\/\\\/www.bkl.nl\\\/#website\"},\"datePublished\":\"2022-03-25T09:40:59+00:00\",\"dateModified\":\"2022-03-25T09:43:49+00:00\",\"breadcrumb\":{\"@id\":\"https:\\\/\\\/www.bkl.nl\\\/privacy-statement\\\/#breadcrumb\"},\"inLanguage\":\"de\",\"potentialAction\":[{\"@type\":\"ReadAction\",\"target\":[\"https:\\\/\\\/www.bkl.nl\\\/privacy-statement\\\/\"]}]},{\"@type\":\"BreadcrumbList\",\"@id\":\"https:\\\/\\\/www.bkl.nl\\\/privacy-statement\\\/#breadcrumb\",\"itemListElement\":[{\"@type\":\"ListItem\",\"position\":1,\"name\":\"Home\",\"item\":\"https:\\\/\\\/www.bkl.nl\\\/\"},{\"@type\":\"ListItem\",\"position\":2,\"name\":\"Privacy statement\"}]},{\"@type\":\"WebSite\",\"@id\":\"https:\\\/\\\/www.bkl.nl\\\/#website\",\"url\":\"https:\\\/\\\/www.bkl.nl\\\/\",\"name\":\"BKL\",\"description\":\"Smart engineering\",\"publisher\":{\"@id\":\"https:\\\/\\\/www.bkl.nl\\\/#organization\"},\"potentialAction\":[{\"@type\":\"SearchAction\",\"target\":{\"@type\":\"EntryPoint\",\"urlTemplate\":\"https:\\\/\\\/www.bkl.nl\\\/?s={search_term_string}\"},\"query-input\":{\"@type\":\"PropertyValueSpecification\",\"valueRequired\":true,\"valueName\":\"search_term_string\"}}],\"inLanguage\":\"de\"},{\"@type\":\"Organization\",\"@id\":\"https:\\\/\\\/www.bkl.nl\\\/#organization\",\"name\":\"BKL Engineering\",\"url\":\"https:\\\/\\\/www.bkl.nl\\\/\",\"logo\":{\"@type\":\"ImageObject\",\"inLanguage\":\"de\",\"@id\":\"https:\\\/\\\/www.bkl.nl\\\/#\\\/schema\\\/logo\\\/image\\\/\",\"url\":\"https:\\\/\\\/www.bkl.nl\\\/wp-content\\\/uploads\\\/2022\\\/03\\\/logo_bkl_on_light.svg\",\"contentUrl\":\"https:\\\/\\\/www.bkl.nl\\\/wp-content\\\/uploads\\\/2022\\\/03\\\/logo_bkl_on_light.svg\",\"width\":\"1024\",\"height\":\"1024\",\"caption\":\"BKL Engineering\"},\"image\":{\"@id\":\"https:\\\/\\\/www.bkl.nl\\\/#\\\/schema\\\/logo\\\/image\\\/\"},\"sameAs\":[\"https:\\\/\\\/www.linkedin.com\\\/company\\\/bkl-bv\"]}]}<\/script>\n<!-- \/ Yoast SEO plugin. -->","yoast_head_json":{"title":"Datenschutzerkl\u00e4rung - BKL","robots":{"index":"index","follow":"follow","max-snippet":"max-snippet:-1","max-image-preview":"max-image-preview:large","max-video-preview":"max-video-preview:-1"},"canonical":"https:\/\/www.bkl.nl\/de\/erklarung-zum-datenschutz\/","og_locale":"de_DE","og_type":"article","og_title":"Privacy statement - BKL","og_url":"https:\/\/www.bkl.nl\/de\/erklarung-zum-datenschutz\/","og_site_name":"BKL","article_modified_time":"2022-03-25T09:43:49+00:00","twitter_card":"summary_large_image","twitter_misc":{"Gesch\u00e4tzte Lesezeit":"2\u00a0Minuten"},"schema":{"@context":"https:\/\/schema.org","@graph":[{"@type":"WebPage","@id":"https:\/\/www.bkl.nl\/privacy-statement\/","url":"https:\/\/www.bkl.nl\/privacy-statement\/","name":"Datenschutzerkl\u00e4rung - BKL","isPartOf":{"@id":"https:\/\/www.bkl.nl\/#website"},"datePublished":"2022-03-25T09:40:59+00:00","dateModified":"2022-03-25T09:43:49+00:00","breadcrumb":{"@id":"https:\/\/www.bkl.nl\/privacy-statement\/#breadcrumb"},"inLanguage":"de","potentialAction":[{"@type":"ReadAction","target":["https:\/\/www.bkl.nl\/privacy-statement\/"]}]},{"@type":"BreadcrumbList","@id":"https:\/\/www.bkl.nl\/privacy-statement\/#breadcrumb","itemListElement":[{"@type":"ListItem","position":1,"name":"Home","item":"https:\/\/www.bkl.nl\/"},{"@type":"ListItem","position":2,"name":"Privacy statement"}]},{"@type":"WebSite","@id":"https:\/\/www.bkl.nl\/#website","url":"https:\/\/www.bkl.nl\/","name":"BKL","description":"Intelligente Technik","publisher":{"@id":"https:\/\/www.bkl.nl\/#organization"},"potentialAction":[{"@type":"SearchAction","target":{"@type":"EntryPoint","urlTemplate":"https:\/\/www.bkl.nl\/?s={search_term_string}"},"query-input":{"@type":"PropertyValueSpecification","valueRequired":true,"valueName":"search_term_string"}}],"inLanguage":"de"},{"@type":"Organization","@id":"https:\/\/www.bkl.nl\/#organization","name":"BKL Engineering","url":"https:\/\/www.bkl.nl\/","logo":{"@type":"ImageObject","inLanguage":"de","@id":"https:\/\/www.bkl.nl\/#\/schema\/logo\/image\/","url":"https:\/\/www.bkl.nl\/wp-content\/uploads\/2022\/03\/logo_bkl_on_light.svg","contentUrl":"https:\/\/www.bkl.nl\/wp-content\/uploads\/2022\/03\/logo_bkl_on_light.svg","width":"1024","height":"1024","caption":"BKL Engineering"},"image":{"@id":"https:\/\/www.bkl.nl\/#\/schema\/logo\/image\/"},"sameAs":["https:\/\/www.linkedin.com\/company\/bkl-bv"]}]}},"_links":{"self":[{"href":"https:\/\/www.bkl.nl\/de\/wp-json\/wp\/v2\/pages\/598","targetHints":{"allow":["GET"]}}],"collection":[{"href":"https:\/\/www.bkl.nl\/de\/wp-json\/wp\/v2\/pages"}],"about":[{"href":"https:\/\/www.bkl.nl\/de\/wp-json\/wp\/v2\/types\/page"}],"author":[{"embeddable":true,"href":"https:\/\/www.bkl.nl\/de\/wp-json\/wp\/v2\/users\/2"}],"replies":[{"embeddable":true,"href":"https:\/\/www.bkl.nl\/de\/wp-json\/wp\/v2\/comments?post=598"}],"version-history":[{"count":0,"href":"https:\/\/www.bkl.nl\/de\/wp-json\/wp\/v2\/pages\/598\/revisions"}],"wp:attachment":[{"href":"https:\/\/www.bkl.nl\/de\/wp-json\/wp\/v2\/media?parent=598"}],"curies":[{"name":"wp","href":"https:\/\/api.w.org\/{rel}","templated":true}]}}