{"id":817,"date":"2023-05-10T08:06:15","date_gmt":"2023-05-10T08:06:15","guid":{"rendered":"https:\/\/www.bkl.nl\/?page_id=817"},"modified":"2024-01-16T11:47:44","modified_gmt":"2024-01-16T11:47:44","slug":"supply-chain-manager-mt-lid","status":"publish","type":"page","link":"https:\/\/www.bkl.nl\/de\/job\/supply-chain-manager-mt-lid\/","title":{"rendered":"Leiter der Lieferkette - MT lid"},"content":{"rendered":"<section class=\"l-section wpb_row height_auto\"><div class=\"l-section-h i-cf\"><div class=\"g-cols vc_row via_flex valign_top type_default stacking_default\"><div class=\"vc_col-sm-12 wpb_column vc_column_container\"><div class=\"vc_column-inner\"><div class=\"wpb_wrapper\"><div class=\"w-separator size_large\"><\/div><\/div><\/div><\/div><\/div><\/div><\/section><section class=\"l-section wpb_row us_custom_32ce5fb7 height_small\"><div class=\"l-section-h i-cf\"><div class=\"g-cols vc_row via_flex valign_top type_default stacking_default\"><div class=\"vc_col-sm-12 wpb_column vc_column_container\"><div class=\"vc_column-inner\"><div class=\"wpb_wrapper\"><div class=\"g-cols wpb_row via_flex valign_top type_default stacking_default\"><div class=\"vc_col-sm-12 wpb_column vc_column_container\"><div class=\"vc_column-inner us_custom_a480baa5\"><div class=\"wpb_wrapper\"><div class=\"w-separator size_small\"><\/div><div class=\"wpb_text_column us_custom_99604e94 has_text_color\"><div class=\"wpb_wrapper\"><p>Stellenangebote<\/p>\n<\/div><\/div><div class=\"wpb_text_column\"><div class=\"wpb_wrapper\"><h2 class=\"title\">Leiter der Lieferkette - MT lid<\/h2>\n<\/div><\/div><\/div><\/div><\/div><\/div><div class=\"w-separator size_medium\"><\/div><div class=\"g-cols wpb_row via_flex valign_top type_default stacking_default\"><div class=\"vc_col-sm-6 wpb_column vc_column_container\"><div class=\"vc_column-inner us_custom_a480baa5\"><div class=\"wpb_wrapper\"><div class=\"wpb_text_column\"><div class=\"wpb_wrapper\"><h3 class=\"alted\">Funktionelle Beschreibung<\/h3>\n<div class=\"description\">\n<p>Ein so effizientes und vielseitiges Angebot an Produkten und Dienstleistungen zu realisieren, ist das Ziel, das ich als Supply Chain Manager wie kein anderer verfolge. Mit Ihrem Wissen und Ihrer Erfahrung k\u00f6nnen Sie den Prozess der Initiierung von neuen und alten Produkten, Verpackungen, Produktentwicklungen und Diensten begleiten. Ich habe einen klaren Blick auf die Entwicklung der Supply Chain und bin als MT-Leiter ein kompetenter Sparringspartner f\u00fcr alle MT-F\u00fchrungen. Wie jeder andere auch optimiert er die Zusammenarbeit zwischen den verschiedenen Unternehmen und pflegt gute Beziehungen zu externen Partnern. Sie betreuen die \"End to End\"-Supply Chain mit den besten Mitarbeitern aus den Bereichen Einkauf, Planung und Logistik mit bis zu 15 Mitarbeitern.<\/p>\n<p><strong>Dies k\u00f6nnen Sie als Supply Chain Manager bei BKL tun.<\/strong><\/p>\n<p>Als MT-Deckel ist er f\u00fcr die strategische Planung der Lieferkette und die Aufstellung von Budgets f\u00fcr die SCM-Abteilung zust\u00e4ndig. Sie sind \"End to End\" verantwortlich f\u00fcr die Verwaltung der Materialien, die Umsetzung der Planung und die Bewachung der Hebelwirkung bei den Kunden. Sie unterst\u00fctzen das Team in den Bereichen Einkauf, Planung und Logistik und sind f\u00fcr die Umsetzung der strategischen Vorgaben verantwortlich. Ihre Aufgabe ist die Optimierung von Prozessen, die Verk\u00fcrzung von Lieferzeiten, die Erh\u00f6hung der Flexibilit\u00e4t und die Senkung von Kosten und Nutzen. Sie kennen die Entwicklungen auf dem Markt und wissen genau, worauf es bei einer gro\u00dfen Organisation ankommt. Er wei\u00df wie kein anderer, wie die Verwaltungskompetenzen unserer Kunden auf die Umsetzung von Prozessen und ERP-Systemen ausgerichtet sind. Er analysiert die Risiken, T\u00fcr\u00f6ffnungen, Kosten, Volumenflexibilit\u00e4t und das Gleichgewicht zwischen Kundenw\u00fcnschen und -bed\u00fcrfnissen. Gibt es Probleme? Hier finden Sie alles, was Sie brauchen, um eine L\u00f6sung zu finden.<\/p>\n<h3 class=\"alted\">Functievereisten<\/h3>\n<p><strong>Das ist die Stelle des Supply Chain Managers, die wir suchen:<br \/>\n<\/strong><\/p>\n<ul>\n<li>Ich habe einen guten \u00dcberblick \u00fcber die Lieferkette und bin ein geborener Kommunikator.<\/li>\n<li>Kenntnisse \u00fcber die Einrichtung von Prozessen, Informationssystemen (ERP + BI) und den Betrieb hiervan sind ein Muss.<\/li>\n<li>Gediegenes, besonnenes und stressbest\u00e4ndiges Ergebnis<\/li>\n<li>Ein HBO-Werbe- und Denkniveau<\/li>\n<li>Goede beheersing van Nederlands en Engels (W\/G)<\/li>\n<li>Mehrj\u00e4hrige T\u00e4tigkeit in einer wichtigen Funktion im Hightech-Sektor<\/li>\n<li>Opleiding NEVI 1 &amp; 2 ist eine Vorstufe<\/li>\n<\/ul>\n<p><em>\"Wij hebben ruimte voor jouw visie en initatieven\"<\/em><\/p>\n<p><strong>Das sollte ich mir merken:<\/strong><\/p>\n<ul>\n<li>Dienstverband van 32 of 40 uur<\/li>\n<li>40 vrije dagen (27 + 13 ATV dagen o.b.v Vollzeit)<\/li>\n<li>Flexibler Arbeitseinsatz! Begin jouw werkdag tussen 7:00 uur en 9:00 uur<\/li>\n<li>8% vakantiegeld<\/li>\n<li>Reiskostenvergoeding<\/li>\n<li>Goed salaris<\/li>\n<li>Investitionen in Ihr Unternehmen durch die Teilnahme an verschiedenen Schulungen und Weiterbildungsma\u00dfnahmen<\/li>\n<li>Vanzelfsprekend goede secundaire arbeidsvoorwaarden<\/li>\n<li>Moderner Kantoorpand in Nuenen<\/li>\n<\/ul>\n<p><strong><br \/>\nOpmerking voor bureaus:<\/strong>\u00a0Wir finden es gut, selbst zu arbeiten. Urlaube, die wir nicht innerhalb einer bestimmten Zeitspanne stornieren k\u00f6nnen, geben wir an B\u00fcros weiter, die wir selbst ausgew\u00e4hlt haben. Wij stellen ongevraagde acquisitie niet op prijs. Wenn Sie sich f\u00fcr einen Kandidaten entscheiden, ohne dass Ihre schriftlichen Anforderungen erf\u00fcllt sind, werden wir uns daf\u00fcr einsetzen, dass diese Kandidaten sich selbst bewerben k\u00f6nnen, da es hier eine weitere Verpflich-tung gibt. Wir bedanken uns f\u00fcr Ihre Unterst\u00fctzung.<\/p>\n<\/div>\n<\/div><\/div><\/div><\/div><\/div><div class=\"vc_col-sm-6 wpb_column vc_column_container\"><div class=\"vc_column-inner\"><div class=\"wpb_wrapper\"><div class=\"w-btn-wrapper align_none\"><a class=\"w-btn us-btn-style_1\" target=\"_blank\" rel=\"nofollow\" href=\"https:\/\/bkl.recruitee.com\/o\/supply-chain-manager-mt-lid\"><span class=\"w-btn-label\">Reageer op deze functie<\/span><\/a><\/div><\/div><\/div><\/div><\/div><\/div><\/div><\/div><\/div><\/div><\/section><section class=\"l-section wpb_row us_custom_e011b917 has_text_color height_medium\"><div class=\"l-section-h i-cf\"><div class=\"g-cols vc_row via_flex valign_top type_default stacking_default\"><div class=\"vc_col-sm-12 wpb_column vc_column_container\"><div class=\"vc_column-inner\"><div class=\"wpb_wrapper\"><div class=\"w-hwrapper valign_middle wrap align_justify\" style=\"--hwrapper-gap:2rem\"><div class=\"w-vwrapper align_none valign_top\"><div class=\"wpb_text_column\"><div class=\"wpb_wrapper\"><h3>M\u00f6chten Sie mehr \u00fcber uns erfahren?<\/h3>\n<\/div><\/div><\/div><div class=\"w-btn-wrapper align_none\"><a class=\"w-btn us-btn-style_1\" title=\"Kontakt\" href=\"https:\/\/www.bkl.nl\/de\/kontakt\/\"><span class=\"w-btn-label\">Kontaktieren Sie uns<\/span><\/a><\/div><\/div><\/div><\/div><\/div><\/div><\/div><\/section>","protected":false},"excerpt":{"rendered":"Job Supply Chain Manager- MT lid Funktionsbeschreibung Ein effizientes und vielseitiges Angebot an Produkten und Dienstleistungen zu realisieren ist die Aufgabe, die Sie als Supply Chain Manager wie kein anderer erf\u00fcllen k\u00f6nnen. Mit Ihrer Erfahrung und Ihren Kenntnissen k\u00f6nnen Sie den Prozess der Initiierung von neuen und alten Produkten, Verpackungen, Produktentwicklungen und Diensten...","protected":false},"author":2,"featured_media":0,"parent":760,"menu_order":0,"comment_status":"closed","ping_status":"closed","template":"","meta":{"footnotes":""},"class_list":["post-817","page","type-page","status-publish","hentry"],"yoast_head":"<!-- This site is optimized with the Yoast SEO plugin v27.3 - https:\/\/yoast.com\/product\/yoast-seo-wordpress\/ -->\n<title>Supply Chain Manager- MT lid - BKL<\/title>\n<meta name=\"description\" content=\"Een zo effici\u00ebnt mogelijke keten van inkomende goederen en voorraden realiseren is het vak wat jij als Supply Chain Manager als geen ander kent. Met jouw ervaring en inzichten weet jij het proces van de initi\u00eble inkoop van bestaande en nieuw te ontwikkelen producten, verpakkingen en productiemiddelen en diensten te realiseren.\" \/>\n<meta name=\"robots\" content=\"index, follow, max-snippet:-1, max-image-preview:large, max-video-preview:-1\" \/>\n<link rel=\"canonical\" href=\"https:\/\/www.bkl.nl\/de\/job\/supply-chain-manager-mt-lid\/\" \/>\n<meta property=\"og:locale\" content=\"de_DE\" \/>\n<meta property=\"og:type\" content=\"article\" \/>\n<meta property=\"og:title\" content=\"Supply Chain Manager- MT lid - BKL\" \/>\n<meta property=\"og:description\" content=\"Een zo effici\u00ebnt mogelijke keten van inkomende goederen en voorraden realiseren is het vak wat jij als Supply Chain Manager als geen ander kent. Met jouw ervaring en inzichten weet jij het proces van de initi\u00eble inkoop van bestaande en nieuw te ontwikkelen producten, verpakkingen en productiemiddelen en diensten te realiseren.\" \/>\n<meta property=\"og:url\" content=\"https:\/\/www.bkl.nl\/de\/job\/supply-chain-manager-mt-lid\/\" \/>\n<meta property=\"og:site_name\" content=\"BKL\" \/>\n<meta property=\"article:modified_time\" content=\"2024-01-16T11:47:44+00:00\" \/>\n<meta name=\"twitter:card\" content=\"summary_large_image\" \/>\n<meta name=\"twitter:label1\" content=\"Gesch\u00e4tzte Lesezeit\" \/>\n\t<meta name=\"twitter:data1\" content=\"3\u00a0Minuten\" \/>\n<script type=\"application\/ld+json\" class=\"yoast-schema-graph\">{\"@context\":\"https:\\\/\\\/schema.org\",\"@graph\":[{\"@type\":\"WebPage\",\"@id\":\"https:\\\/\\\/www.bkl.nl\\\/job\\\/supply-chain-manager-mt-lid\\\/\",\"url\":\"https:\\\/\\\/www.bkl.nl\\\/job\\\/supply-chain-manager-mt-lid\\\/\",\"name\":\"Supply Chain Manager- MT lid - BKL\",\"isPartOf\":{\"@id\":\"https:\\\/\\\/www.bkl.nl\\\/#website\"},\"datePublished\":\"2023-05-10T08:06:15+00:00\",\"dateModified\":\"2024-01-16T11:47:44+00:00\",\"description\":\"Een zo effici\u00ebnt mogelijke keten van inkomende goederen en voorraden realiseren is het vak wat jij als Supply Chain Manager als geen ander kent. Met jouw ervaring en inzichten weet jij het proces van de initi\u00eble inkoop van bestaande en nieuw te ontwikkelen producten, verpakkingen en productiemiddelen en diensten te realiseren.\",\"breadcrumb\":{\"@id\":\"https:\\\/\\\/www.bkl.nl\\\/job\\\/supply-chain-manager-mt-lid\\\/#breadcrumb\"},\"inLanguage\":\"de\",\"potentialAction\":[{\"@type\":\"ReadAction\",\"target\":[\"https:\\\/\\\/www.bkl.nl\\\/job\\\/supply-chain-manager-mt-lid\\\/\"]}]},{\"@type\":\"BreadcrumbList\",\"@id\":\"https:\\\/\\\/www.bkl.nl\\\/job\\\/supply-chain-manager-mt-lid\\\/#breadcrumb\",\"itemListElement\":[{\"@type\":\"ListItem\",\"position\":1,\"name\":\"Home\",\"item\":\"https:\\\/\\\/www.bkl.nl\\\/\"},{\"@type\":\"ListItem\",\"position\":2,\"name\":\"Jobs\",\"item\":\"https:\\\/\\\/www.bkl.nl\\\/job\\\/\"},{\"@type\":\"ListItem\",\"position\":3,\"name\":\"Supply Chain Manager- MT lid\"}]},{\"@type\":\"WebSite\",\"@id\":\"https:\\\/\\\/www.bkl.nl\\\/#website\",\"url\":\"https:\\\/\\\/www.bkl.nl\\\/\",\"name\":\"BKL\",\"description\":\"Smart engineering\",\"publisher\":{\"@id\":\"https:\\\/\\\/www.bkl.nl\\\/#organization\"},\"potentialAction\":[{\"@type\":\"SearchAction\",\"target\":{\"@type\":\"EntryPoint\",\"urlTemplate\":\"https:\\\/\\\/www.bkl.nl\\\/?s={search_term_string}\"},\"query-input\":{\"@type\":\"PropertyValueSpecification\",\"valueRequired\":true,\"valueName\":\"search_term_string\"}}],\"inLanguage\":\"de\"},{\"@type\":\"Organization\",\"@id\":\"https:\\\/\\\/www.bkl.nl\\\/#organization\",\"name\":\"BKL Engineering\",\"url\":\"https:\\\/\\\/www.bkl.nl\\\/\",\"logo\":{\"@type\":\"ImageObject\",\"inLanguage\":\"de\",\"@id\":\"https:\\\/\\\/www.bkl.nl\\\/#\\\/schema\\\/logo\\\/image\\\/\",\"url\":\"https:\\\/\\\/www.bkl.nl\\\/wp-content\\\/uploads\\\/2022\\\/03\\\/logo_bkl_on_light.svg\",\"contentUrl\":\"https:\\\/\\\/www.bkl.nl\\\/wp-content\\\/uploads\\\/2022\\\/03\\\/logo_bkl_on_light.svg\",\"width\":\"1024\",\"height\":\"1024\",\"caption\":\"BKL Engineering\"},\"image\":{\"@id\":\"https:\\\/\\\/www.bkl.nl\\\/#\\\/schema\\\/logo\\\/image\\\/\"},\"sameAs\":[\"https:\\\/\\\/www.linkedin.com\\\/company\\\/bkl-bv\"]}]}<\/script>\n<!-- \/ Yoast SEO plugin. -->","yoast_head_json":{"title":"Leiter der Lieferkette - MT lid - BKL","description":"Ein so effizientes und vielseitiges Angebot an Produkten und Dienstleistungen zu realisieren, ist das Ziel, das ich als Supply Chain Manager wie kein anderer verfolge. Mit Ihrem Wissen und Ihrer Erfahrung k\u00f6nnen Sie den Prozess der Initiierung von neuen und bew\u00e4hrten Produkten, Verpackungen, Produktentwicklungen und Diensten realisieren.","robots":{"index":"index","follow":"follow","max-snippet":"max-snippet:-1","max-image-preview":"max-image-preview:large","max-video-preview":"max-video-preview:-1"},"canonical":"https:\/\/www.bkl.nl\/de\/job\/supply-chain-manager-mt-lid\/","og_locale":"de_DE","og_type":"article","og_title":"Supply Chain Manager- MT lid - BKL","og_description":"Een zo effici\u00ebnt mogelijke keten van inkomende goederen en voorraden realiseren is het vak wat jij als Supply Chain Manager als geen ander kent. Met jouw ervaring en inzichten weet jij het proces van de initi\u00eble inkoop van bestaande en nieuw te ontwikkelen producten, verpakkingen en productiemiddelen en diensten te realiseren.","og_url":"https:\/\/www.bkl.nl\/de\/job\/supply-chain-manager-mt-lid\/","og_site_name":"BKL","article_modified_time":"2024-01-16T11:47:44+00:00","twitter_card":"summary_large_image","twitter_misc":{"Gesch\u00e4tzte Lesezeit":"3\u00a0Minuten"},"schema":{"@context":"https:\/\/schema.org","@graph":[{"@type":"WebPage","@id":"https:\/\/www.bkl.nl\/job\/supply-chain-manager-mt-lid\/","url":"https:\/\/www.bkl.nl\/job\/supply-chain-manager-mt-lid\/","name":"Leiter der Lieferkette - MT lid - BKL","isPartOf":{"@id":"https:\/\/www.bkl.nl\/#website"},"datePublished":"2023-05-10T08:06:15+00:00","dateModified":"2024-01-16T11:47:44+00:00","description":"Ein so effizientes und vielseitiges Angebot an Produkten und Dienstleistungen zu realisieren, ist das Ziel, das ich als Supply Chain Manager wie kein anderer verfolge. Mit Ihrem Wissen und Ihrer Erfahrung k\u00f6nnen Sie den Prozess der Initiierung von neuen und bew\u00e4hrten Produkten, Verpackungen, Produktentwicklungen und Diensten realisieren.","breadcrumb":{"@id":"https:\/\/www.bkl.nl\/job\/supply-chain-manager-mt-lid\/#breadcrumb"},"inLanguage":"de","potentialAction":[{"@type":"ReadAction","target":["https:\/\/www.bkl.nl\/job\/supply-chain-manager-mt-lid\/"]}]},{"@type":"BreadcrumbList","@id":"https:\/\/www.bkl.nl\/job\/supply-chain-manager-mt-lid\/#breadcrumb","itemListElement":[{"@type":"ListItem","position":1,"name":"Home","item":"https:\/\/www.bkl.nl\/"},{"@type":"ListItem","position":2,"name":"Jobs","item":"https:\/\/www.bkl.nl\/job\/"},{"@type":"ListItem","position":3,"name":"Supply Chain Manager- MT lid"}]},{"@type":"WebSite","@id":"https:\/\/www.bkl.nl\/#website","url":"https:\/\/www.bkl.nl\/","name":"BKL","description":"Intelligente Technik","publisher":{"@id":"https:\/\/www.bkl.nl\/#organization"},"potentialAction":[{"@type":"SearchAction","target":{"@type":"EntryPoint","urlTemplate":"https:\/\/www.bkl.nl\/?s={search_term_string}"},"query-input":{"@type":"PropertyValueSpecification","valueRequired":true,"valueName":"search_term_string"}}],"inLanguage":"de"},{"@type":"Organization","@id":"https:\/\/www.bkl.nl\/#organization","name":"BKL Engineering","url":"https:\/\/www.bkl.nl\/","logo":{"@type":"ImageObject","inLanguage":"de","@id":"https:\/\/www.bkl.nl\/#\/schema\/logo\/image\/","url":"https:\/\/www.bkl.nl\/wp-content\/uploads\/2022\/03\/logo_bkl_on_light.svg","contentUrl":"https:\/\/www.bkl.nl\/wp-content\/uploads\/2022\/03\/logo_bkl_on_light.svg","width":"1024","height":"1024","caption":"BKL Engineering"},"image":{"@id":"https:\/\/www.bkl.nl\/#\/schema\/logo\/image\/"},"sameAs":["https:\/\/www.linkedin.com\/company\/bkl-bv"]}]}},"_links":{"self":[{"href":"https:\/\/www.bkl.nl\/de\/wp-json\/wp\/v2\/pages\/817","targetHints":{"allow":["GET"]}}],"collection":[{"href":"https:\/\/www.bkl.nl\/de\/wp-json\/wp\/v2\/pages"}],"about":[{"href":"https:\/\/www.bkl.nl\/de\/wp-json\/wp\/v2\/types\/page"}],"author":[{"embeddable":true,"href":"https:\/\/www.bkl.nl\/de\/wp-json\/wp\/v2\/users\/2"}],"replies":[{"embeddable":true,"href":"https:\/\/www.bkl.nl\/de\/wp-json\/wp\/v2\/comments?post=817"}],"version-history":[{"count":0,"href":"https:\/\/www.bkl.nl\/de\/wp-json\/wp\/v2\/pages\/817\/revisions"}],"up":[{"embeddable":true,"href":"https:\/\/www.bkl.nl\/de\/wp-json\/wp\/v2\/pages\/760"}],"wp:attachment":[{"href":"https:\/\/www.bkl.nl\/de\/wp-json\/wp\/v2\/media?parent=817"}],"curies":[{"name":"wp","href":"https:\/\/api.w.org\/{rel}","templated":true}]}}