{"id":835,"date":"2022-07-08T12:23:57","date_gmt":"2022-07-08T12:23:57","guid":{"rendered":"https:\/\/www.bkl.nl\/?page_id=835"},"modified":"2026-02-23T06:57:48","modified_gmt":"2026-02-23T06:57:48","slug":"productieengineer","status":"publish","type":"page","link":"https:\/\/www.bkl.nl\/de\/job\/productieengineer\/","title":{"rendered":"Produktentwickler"},"content":{"rendered":"<section class=\"l-section wpb_row height_auto\"><div class=\"l-section-h i-cf\"><div class=\"g-cols vc_row via_flex valign_top type_default stacking_default\"><div class=\"vc_col-sm-12 wpb_column vc_column_container\"><div class=\"vc_column-inner\"><div class=\"wpb_wrapper\"><div class=\"w-separator size_large\"><\/div><\/div><\/div><\/div><\/div><\/div><\/section><section class=\"l-section wpb_row us_custom_32ce5fb7 height_small\"><div class=\"l-section-h i-cf\"><div class=\"g-cols vc_row via_flex valign_top type_default stacking_default\"><div class=\"vc_col-sm-12 wpb_column vc_column_container\"><div class=\"vc_column-inner\"><div class=\"wpb_wrapper\"><div class=\"g-cols wpb_row via_flex valign_top type_default stacking_default\"><div class=\"vc_col-sm-6 wpb_column vc_column_container\"><div class=\"vc_column-inner us_custom_a480baa5\"><div class=\"wpb_wrapper\"><div class=\"w-separator size_small\"><\/div><div class=\"wpb_text_column us_custom_99604e94 has_text_color\"><div class=\"wpb_wrapper\"><p>Stellenangebote<\/p>\n<\/div><\/div><div class=\"wpb_text_column\"><div class=\"wpb_wrapper\"><h1 class=\"title\">Produktentwickler<\/h1>\n<\/div><\/div><\/div><\/div><\/div><div class=\"vc_col-sm-6 wpb_column vc_column_container\"><div class=\"vc_column-inner\"><div class=\"wpb_wrapper\"><\/div><\/div><\/div><\/div><div class=\"w-separator size_medium\"><\/div><div class=\"g-cols wpb_row via_flex valign_top type_default stacking_default\"><div class=\"vc_col-sm-6 wpb_column vc_column_container\"><div class=\"vc_column-inner us_custom_a480baa5\"><div class=\"wpb_wrapper\"><div class=\"wpb_text_column\"><div class=\"wpb_wrapper\"><h3 class=\"alted\">Funktionelle Beschreibung<\/h3>\n<div class=\"description\">\n<p>Ben jij een ervaren Productie Engineer die moeiteloos schakelt tussen Engineering en werkvloer? Heb jij een scherp oog voor een Manufacturing Bill of Material, maakbaarheid, productstructuren en een stabiel assemblageproces, van NPI tot Repeat productie? Vind je het leuk om processen en werkwijzen te optimaliseren en effici\u00ebnter te maken. Dan is deze functie als ervaren Productie Engineer (PE) bij BKL precies wat jij zoekt!<\/p>\n<p><strong>Jouw rol als Productie Engineer<\/strong><\/p>\n<p>Als Productie Engineer ben je het technisch aanspreekpunt voor de vertaling van engineering design naar product structuur en assemblageproces. Jij bent verantwoordelijk voor een optimale maakbaarheid en de realisatie van NPI prototypes en seriematige modules en machines. Je richt de Manufacturing BOM, bewerking en assemblagestappen in binnen het ERP-systeem, borgt en optimaliseert het proces, en bent d\u00e9 troubleshooter bij verstoringen. Je werkt nauw samen met de afdelingen Sales, Engineering, Inkoop en Planning.<br \/>\nJe maakt met 8 directe collega\u2019s onderdeel uit van de afdeling Sustaining &amp; Production Engineering<\/p>\n<p><strong>Jouw verantwoordelijkheden<\/strong><\/p>\n<p><strong>NPI<\/strong><\/p>\n<ul>\n<li>Defini\u00ebren en inrichten van de\u00a0technische productstructuur (Manufacturing BOM)\u00a0vanuit de Engineerings BOM\/\u00a0TPD\u00a0in het\u00a0ERP-systeem (BEMET), gericht op een optimaal inkoop- en assemblageproces.<\/li>\n<li>Verrijken, beoordelen en controleren van data in ERP met onder andere product structuren, assemblage uren, bewerkingsstappen, maakbaarheid en risico\u2019s.<\/li>\n<li>Ontwikkelen optimalisatie en strategie van ERP-inrichting en processen<\/li>\n<li>Afstemmen van\u00a0koop\/maak-bepalingen voor inkoopmateriaal met Inkoop.<\/li>\n<li>Opstellen en onderhouden van\u00a0assemblagevoorschriften, eventuele\u00a0controleplannen\u00a0en\u00a0hulpgereedschappen.<\/li>\n<li>Verzorgen van\u00a0kennisoverdracht\u00a0naar productie voor en tijdens de (prototype) assemblage.<\/li>\n<li>Deelnemen aan het\u00a0NPI-team\u00a0en bijdragen aan beslissingen over\u00a0maakbaarheid en industrialisatie.<\/li>\n<li>Ondersteunen bij\u00a0risicomanagement\u00a0v\u00f3\u00f3r start productie.<\/li>\n<li>Reviewen van structuren en\u00a0TPD<\/li>\n<\/ul>\n<p><strong>Repeat productie<\/strong><\/p>\n<ul>\n<li>Onderhouden van de Manufacturing BOM en\u00a0TPD\u00a0in ERP voor een optimaal inkoop- en assemblageproces.<\/li>\n<li>Technische beoordeling van\u00a0product-\/proceswijzigingen, verwerken in de structuur, afstemmen met productie en\u00a0technisch vrijgeven\u00a0van wijzigingen.<\/li>\n<li>Bewaken van het reguliere assemblageproces met\u00a0VC\/NC-data.<\/li>\n<li>Troubleshooter\/technisch aanspreekpunt\u00a0bij verstoringen in het assemblageproces: analyse, oplossing en (waar nodig) inschakelen van andere disciplines.<\/li>\n<\/ul>\n<p><strong>Samenwerking en communicatie<\/strong><\/p>\n<ul>\n<li>Samenwerken met\u00a0Projectmanagement, Sales, Engineering en Supply Chain\u00a0om kosteneffectieve, effici\u00ebnte en maakbare oplossingen te realiseren.<\/li>\n<li>Ondersteunen van Inkoop bij\u00a0leveranciersselectie\u00a0en (inhoudelijke) afstemming.<\/li>\n<li>Afstemming met\u00a0Planning\u00a0over productstructuren en escaleren bij issues in de productieplanning voor klantorders.<\/li>\n<li>Bespreken en beoordelen van verbetersuggesties vanuit Engineering, assemblage en service. Zowel op het product als het proces.<\/li>\n<li>Afstemming met engineers over\u00a0maakbaarheid, compleetheid, productkeuzen en structuuropbouw.<\/li>\n<\/ul>\n<p><strong>\u00a0<\/strong><strong>\u00a0<\/strong><strong>Wat breng jij mee?<\/strong><\/p>\n<ul>\n<li><strong>Opleiding:<\/strong>Afgeronde hbo-opleiding in techniek, bedrijfskunde of een gerelateerd vakgebied.<\/li>\n<li><strong>Ervaring:<\/strong>Aantoonbare ervaring op hoog niveau;\u00a0minimaal 10 jaar\u00a0ervaring in productie-\/proces engineering (pr\u00e9).<\/li>\n<li><strong>Vaardigheden:<\/strong>\n<ul>\n<li>Ervaring met werken met\/in\u00a0ERP-systemen\u00a0en\u00a0PLM-systemen.<\/li>\n<li>Sterke analytische en probleemoplossende vaardigheden; je bent een praktische\u00a0troubleshooter.<\/li>\n<li>Praktische kennis van\u00a0productieprocessen en materialen.<\/li>\n<li>Kennis van kostcalculatie en projectmanagementtools\/software is een plus.<\/li>\n<li>Kennis van\u00a0normeringen en veiligheid\u00a0is een plus (machinebouw\/CE-context).<\/li>\n<\/ul>\n<\/li>\n<li><strong>Talen:<\/strong>Goede beheersing van de Nederlandse en Engelse taal (woord en geschrift).<\/li>\n<\/ul>\n<p><strong>\u00a0<\/strong><strong>Persoonlijke eigenschappen:<\/strong><\/p>\n<ul>\n<li>Nauwkeurig, proactief en resultaatgericht.<\/li>\n<li>Communicatief sterk.<\/li>\n<li>Goede planner (afspraak = afspraak).<\/li>\n<li>Proces gedreven.<\/li>\n<li>Stressbestendig en in staat om deadlines te halen.<\/li>\n<\/ul>\n<p><strong>Wat bieden wij jou?<\/strong><\/p>\n<ul>\n<li>Een uitdagende rol binnen een professionele High Tech omgeving.<\/li>\n<li>Werken bij BKL betekent werken in een duidelijke organisatie met korte lijnen, waar samenwerking en een fijne werksfeer vooropstaan<\/li>\n<li>Directe invloed op maakbaarheid, assemblage-efficiency en procesborging (NPI \u00e9n repeat).<\/li>\n<li>Ruimte om verbeteringen in ERP-inrichting proces en strategie te ontwikkelen en implementeren.<\/li>\n<li>Een marktconform salaris en uitstekende secundaire arbeidsvoorwaarden.<\/li>\n<li>Fulltime dienstverband van 40 uur<\/li>\n<li>40 vrije dagen\u00a0(27 + 13 ATV dagen o.b.v. fulltime)<\/li>\n<li>Flexibele werktijden:\u00a0start tussen 7:00 en 9:00 uur<\/li>\n<li>8% vakantiegeld<\/li>\n<li>Reiskostenvergoeding<\/li>\n<li>Investering in jouw groei via trainingen en opleidingen<\/li>\n<li>Modern kantoorpand in\u00a0Nuenen<\/li>\n<\/ul>\n<p><strong>Interesse?<\/strong><\/p>\n<p>Herken jij jezelf in deze rol? Solliciteer dan vandaag nog en stuur je cv en motivatiebrief naar recruitment@bkl.nl. Voor vragen kun je contact opnemen met Oscar Mommers via T <a href=\"tel:+31%206%2029695531\">+31\u00a06\u00a029695531<\/a><\/p>\n<p><strong>Wij kijken uit naar jouw sollicitatie!<\/strong><\/p>\n<p><strong>\u00a0<\/strong><\/p>\n<ul>\n<li><strong>Opmerking voor bureaus:<\/strong>Wir finden es gut, selbst zu arbeiten. Urlaube, die wir nicht innerhalb einer bestimmten Zeitspanne stornieren k\u00f6nnen, geben wir an B\u00fcros weiter, die wir selbst ausgew\u00e4hlt haben. Wij stellen ongevraagde acquisitie niet op prijs. Wenn Sie sich f\u00fcr einen Kandidaten entscheiden, ohne dass Ihre schriftlichen Anforderungen erf\u00fcllt sind, werden wir uns daf\u00fcr einsetzen, dass diese Kandidaten sich selbst bewerben k\u00f6nnen, da es hier eine weitere Verpflich-tung gibt. Wir bedanken uns f\u00fcr Ihre Unterst\u00fctzung.<\/li>\n<\/ul>\n<p>&nbsp;<\/p>\n<\/div>\n<\/div><\/div><\/div><\/div><\/div><div class=\"vc_col-sm-6 wpb_column vc_column_container\"><div class=\"vc_column-inner us_custom_9be03f34\"><div class=\"wpb_wrapper\"><div class=\"w-btn-wrapper align_none\"><a class=\"w-btn us-btn-style_1\" target=\"_blank\" rel=\"nofollow\" href=\"mailto:hr@bkl.nl\"><span class=\"w-btn-label\">Reageer op deze functie<\/span><\/a><\/div><\/div><\/div><\/div><\/div><\/div><\/div><\/div><\/div><\/div><\/section><section class=\"l-section wpb_row us_custom_e011b917 has_text_color height_medium\"><div class=\"l-section-h i-cf\"><div class=\"g-cols vc_row via_flex valign_top type_default stacking_default\"><div class=\"vc_col-sm-12 wpb_column vc_column_container\"><div class=\"vc_column-inner\"><div class=\"wpb_wrapper\"><div class=\"w-hwrapper valign_middle wrap align_justify\" style=\"--hwrapper-gap:2rem\"><div class=\"w-vwrapper align_none valign_top\"><div class=\"wpb_text_column\"><div class=\"wpb_wrapper\"><h3>M\u00f6chten Sie mehr \u00fcber uns erfahren?<\/h3>\n<\/div><\/div><\/div><div class=\"w-btn-wrapper align_none\"><a class=\"w-btn us-btn-style_1\" title=\"Kontakt\" href=\"https:\/\/www.bkl.nl\/de\/kontakt\/\"><span class=\"w-btn-label\">Kontaktieren Sie uns<\/span><\/a><\/div><\/div><\/div><\/div><\/div><\/div><\/div><\/section>","protected":false},"excerpt":{"rendered":"Job Productie Engineer Functieomschrijving Ben jij een ervaren Productie Engineer die moeiteloos schakelt tussen Engineering en werkvloer? Heb jij een scherp oog voor een Manufacturing Bill of Material, maakbaarheid, productstructuren en een stabiel assemblageproces, van NPI tot Repeat productie? Vind je het leuk om processen en werkwijzen te optimaliseren en effici\u00ebnter te maken. Dan is...","protected":false},"author":2,"featured_media":0,"parent":760,"menu_order":0,"comment_status":"closed","ping_status":"closed","template":"","meta":{"footnotes":""},"class_list":["post-835","page","type-page","status-publish","hentry"],"yoast_head":"<!-- This site is optimized with the Yoast SEO plugin v27.4 - https:\/\/yoast.com\/product\/yoast-seo-wordpress\/ -->\n<title>Productie Engineer - BKL<\/title>\n<meta name=\"description\" content=\"Als Productie Engineer organiseer je de technische handelingen rondom en in de operationele organisatie en draag je zorg voor kwaliteitsborging van processen en producten. Je zit dicht bij de werkvloer waar het grootste deel van je werkzaamheden betrekken op hebben. Je moet in deze functie flexibel zijn, maar krijgt ook een grote vrijheid om je werkzaamheden naar eigen inzicht uit te voeren en plannen.\" \/>\n<meta name=\"robots\" content=\"index, follow, max-snippet:-1, max-image-preview:large, max-video-preview:-1\" \/>\n<link rel=\"canonical\" href=\"https:\/\/www.bkl.nl\/de\/job\/productieengineer\/\" \/>\n<meta property=\"og:locale\" content=\"de_DE\" \/>\n<meta property=\"og:type\" content=\"article\" \/>\n<meta property=\"og:title\" content=\"Productie Engineer - BKL\" \/>\n<meta property=\"og:description\" content=\"Als Productie Engineer organiseer je de technische handelingen rondom en in de operationele organisatie en draag je zorg voor kwaliteitsborging van processen en producten. Je zit dicht bij de werkvloer waar het grootste deel van je werkzaamheden betrekken op hebben. Je moet in deze functie flexibel zijn, maar krijgt ook een grote vrijheid om je werkzaamheden naar eigen inzicht uit te voeren en plannen.\" \/>\n<meta property=\"og:url\" content=\"https:\/\/www.bkl.nl\/de\/job\/productieengineer\/\" \/>\n<meta property=\"og:site_name\" content=\"BKL\" \/>\n<meta property=\"article:modified_time\" content=\"2026-02-23T06:57:48+00:00\" \/>\n<meta name=\"twitter:card\" content=\"summary_large_image\" \/>\n<meta name=\"twitter:label1\" content=\"Gesch\u00e4tzte Lesezeit\" \/>\n\t<meta name=\"twitter:data1\" content=\"4\u00a0Minuten\" \/>\n<script type=\"application\/ld+json\" class=\"yoast-schema-graph\">{\"@context\":\"https:\\\/\\\/schema.org\",\"@graph\":[{\"@type\":\"WebPage\",\"@id\":\"https:\\\/\\\/www.bkl.nl\\\/job\\\/productieengineer\\\/\",\"url\":\"https:\\\/\\\/www.bkl.nl\\\/job\\\/productieengineer\\\/\",\"name\":\"Productie Engineer - BKL\",\"isPartOf\":{\"@id\":\"https:\\\/\\\/www.bkl.nl\\\/#website\"},\"datePublished\":\"2022-07-08T12:23:57+00:00\",\"dateModified\":\"2026-02-23T06:57:48+00:00\",\"description\":\"Als Productie Engineer organiseer je de technische handelingen rondom en in de operationele organisatie en draag je zorg voor kwaliteitsborging van processen en producten. Je zit dicht bij de werkvloer waar het grootste deel van je werkzaamheden betrekken op hebben. Je moet in deze functie flexibel zijn, maar krijgt ook een grote vrijheid om je werkzaamheden naar eigen inzicht uit te voeren en plannen.\",\"breadcrumb\":{\"@id\":\"https:\\\/\\\/www.bkl.nl\\\/job\\\/productieengineer\\\/#breadcrumb\"},\"inLanguage\":\"de\",\"potentialAction\":[{\"@type\":\"ReadAction\",\"target\":[\"https:\\\/\\\/www.bkl.nl\\\/job\\\/productieengineer\\\/\"]}]},{\"@type\":\"BreadcrumbList\",\"@id\":\"https:\\\/\\\/www.bkl.nl\\\/job\\\/productieengineer\\\/#breadcrumb\",\"itemListElement\":[{\"@type\":\"ListItem\",\"position\":1,\"name\":\"Home\",\"item\":\"https:\\\/\\\/www.bkl.nl\\\/\"},{\"@type\":\"ListItem\",\"position\":2,\"name\":\"Jobs\",\"item\":\"https:\\\/\\\/www.bkl.nl\\\/job\\\/\"},{\"@type\":\"ListItem\",\"position\":3,\"name\":\"Productie Engineer\"}]},{\"@type\":\"WebSite\",\"@id\":\"https:\\\/\\\/www.bkl.nl\\\/#website\",\"url\":\"https:\\\/\\\/www.bkl.nl\\\/\",\"name\":\"BKL\",\"description\":\"Smart engineering\",\"publisher\":{\"@id\":\"https:\\\/\\\/www.bkl.nl\\\/#organization\"},\"potentialAction\":[{\"@type\":\"SearchAction\",\"target\":{\"@type\":\"EntryPoint\",\"urlTemplate\":\"https:\\\/\\\/www.bkl.nl\\\/?s={search_term_string}\"},\"query-input\":{\"@type\":\"PropertyValueSpecification\",\"valueRequired\":true,\"valueName\":\"search_term_string\"}}],\"inLanguage\":\"de\"},{\"@type\":\"Organization\",\"@id\":\"https:\\\/\\\/www.bkl.nl\\\/#organization\",\"name\":\"BKL Engineering\",\"url\":\"https:\\\/\\\/www.bkl.nl\\\/\",\"logo\":{\"@type\":\"ImageObject\",\"inLanguage\":\"de\",\"@id\":\"https:\\\/\\\/www.bkl.nl\\\/#\\\/schema\\\/logo\\\/image\\\/\",\"url\":\"https:\\\/\\\/www.bkl.nl\\\/wp-content\\\/uploads\\\/2022\\\/03\\\/logo_bkl_on_light.svg\",\"contentUrl\":\"https:\\\/\\\/www.bkl.nl\\\/wp-content\\\/uploads\\\/2022\\\/03\\\/logo_bkl_on_light.svg\",\"width\":\"1024\",\"height\":\"1024\",\"caption\":\"BKL Engineering\"},\"image\":{\"@id\":\"https:\\\/\\\/www.bkl.nl\\\/#\\\/schema\\\/logo\\\/image\\\/\"},\"sameAs\":[\"https:\\\/\\\/www.linkedin.com\\\/company\\\/bkl-bv\"]}]}<\/script>\n<!-- \/ Yoast SEO plugin. -->","yoast_head_json":{"title":"Produktentwickler - BKL","description":"Als Productie Engineer organisieren Sie die technischen Abl\u00e4ufe innerhalb der Organisation und im Betrieb und sorgen f\u00fcr die Optimierung von Prozessen und Produkten. Sie arbeiten eng mit dem Unternehmen zusammen, wenn die wichtigsten Aufgaben des Unternehmens anstehen. Sie m\u00fcssen in dieser Funktion flexibel sein, aber auch eine gro\u00dfe Freiheit haben, um Ihre Arbeitsabl\u00e4ufe nach eigenem Gutd\u00fcnken zu planen und zu gestalten.","robots":{"index":"index","follow":"follow","max-snippet":"max-snippet:-1","max-image-preview":"max-image-preview:large","max-video-preview":"max-video-preview:-1"},"canonical":"https:\/\/www.bkl.nl\/de\/job\/productieengineer\/","og_locale":"de_DE","og_type":"article","og_title":"Productie Engineer - BKL","og_description":"Als Productie Engineer organiseer je de technische handelingen rondom en in de operationele organisatie en draag je zorg voor kwaliteitsborging van processen en producten. Je zit dicht bij de werkvloer waar het grootste deel van je werkzaamheden betrekken op hebben. Je moet in deze functie flexibel zijn, maar krijgt ook een grote vrijheid om je werkzaamheden naar eigen inzicht uit te voeren en plannen.","og_url":"https:\/\/www.bkl.nl\/de\/job\/productieengineer\/","og_site_name":"BKL","article_modified_time":"2026-02-23T06:57:48+00:00","twitter_card":"summary_large_image","twitter_misc":{"Gesch\u00e4tzte Lesezeit":"4\u00a0Minuten"},"schema":{"@context":"https:\/\/schema.org","@graph":[{"@type":"WebPage","@id":"https:\/\/www.bkl.nl\/job\/productieengineer\/","url":"https:\/\/www.bkl.nl\/job\/productieengineer\/","name":"Produktentwickler - BKL","isPartOf":{"@id":"https:\/\/www.bkl.nl\/#website"},"datePublished":"2022-07-08T12:23:57+00:00","dateModified":"2026-02-23T06:57:48+00:00","description":"Als Productie Engineer organisieren Sie die technischen Abl\u00e4ufe innerhalb der Organisation und im Betrieb und sorgen f\u00fcr die Optimierung von Prozessen und Produkten. Sie arbeiten eng mit dem Unternehmen zusammen, wenn die wichtigsten Aufgaben des Unternehmens anstehen. Sie m\u00fcssen in dieser Funktion flexibel sein, aber auch eine gro\u00dfe Freiheit haben, um Ihre Arbeitsabl\u00e4ufe nach eigenem Gutd\u00fcnken zu planen und zu gestalten.","breadcrumb":{"@id":"https:\/\/www.bkl.nl\/job\/productieengineer\/#breadcrumb"},"inLanguage":"de","potentialAction":[{"@type":"ReadAction","target":["https:\/\/www.bkl.nl\/job\/productieengineer\/"]}]},{"@type":"BreadcrumbList","@id":"https:\/\/www.bkl.nl\/job\/productieengineer\/#breadcrumb","itemListElement":[{"@type":"ListItem","position":1,"name":"Home","item":"https:\/\/www.bkl.nl\/"},{"@type":"ListItem","position":2,"name":"Jobs","item":"https:\/\/www.bkl.nl\/job\/"},{"@type":"ListItem","position":3,"name":"Productie Engineer"}]},{"@type":"WebSite","@id":"https:\/\/www.bkl.nl\/#website","url":"https:\/\/www.bkl.nl\/","name":"BKL","description":"Intelligente Technik","publisher":{"@id":"https:\/\/www.bkl.nl\/#organization"},"potentialAction":[{"@type":"SearchAction","target":{"@type":"EntryPoint","urlTemplate":"https:\/\/www.bkl.nl\/?s={search_term_string}"},"query-input":{"@type":"PropertyValueSpecification","valueRequired":true,"valueName":"search_term_string"}}],"inLanguage":"de"},{"@type":"Organization","@id":"https:\/\/www.bkl.nl\/#organization","name":"BKL Engineering","url":"https:\/\/www.bkl.nl\/","logo":{"@type":"ImageObject","inLanguage":"de","@id":"https:\/\/www.bkl.nl\/#\/schema\/logo\/image\/","url":"https:\/\/www.bkl.nl\/wp-content\/uploads\/2022\/03\/logo_bkl_on_light.svg","contentUrl":"https:\/\/www.bkl.nl\/wp-content\/uploads\/2022\/03\/logo_bkl_on_light.svg","width":"1024","height":"1024","caption":"BKL Engineering"},"image":{"@id":"https:\/\/www.bkl.nl\/#\/schema\/logo\/image\/"},"sameAs":["https:\/\/www.linkedin.com\/company\/bkl-bv"]}]}},"_links":{"self":[{"href":"https:\/\/www.bkl.nl\/de\/wp-json\/wp\/v2\/pages\/835","targetHints":{"allow":["GET"]}}],"collection":[{"href":"https:\/\/www.bkl.nl\/de\/wp-json\/wp\/v2\/pages"}],"about":[{"href":"https:\/\/www.bkl.nl\/de\/wp-json\/wp\/v2\/types\/page"}],"author":[{"embeddable":true,"href":"https:\/\/www.bkl.nl\/de\/wp-json\/wp\/v2\/users\/2"}],"replies":[{"embeddable":true,"href":"https:\/\/www.bkl.nl\/de\/wp-json\/wp\/v2\/comments?post=835"}],"version-history":[{"count":5,"href":"https:\/\/www.bkl.nl\/de\/wp-json\/wp\/v2\/pages\/835\/revisions"}],"predecessor-version":[{"id":1771,"href":"https:\/\/www.bkl.nl\/de\/wp-json\/wp\/v2\/pages\/835\/revisions\/1771"}],"up":[{"embeddable":true,"href":"https:\/\/www.bkl.nl\/de\/wp-json\/wp\/v2\/pages\/760"}],"wp:attachment":[{"href":"https:\/\/www.bkl.nl\/de\/wp-json\/wp\/v2\/media?parent=835"}],"curies":[{"name":"wp","href":"https:\/\/api.w.org\/{rel}","templated":true}]}}