{"id":965,"date":"2022-12-14T12:41:47","date_gmt":"2022-12-14T12:41:47","guid":{"rendered":"https:\/\/www.bkl.nl\/?page_id=965"},"modified":"2026-04-21T08:50:30","modified_gmt":"2026-04-21T08:50:30","slug":"logisticsemployee","status":"publish","type":"page","link":"https:\/\/www.bkl.nl\/de\/job\/logisticsemployee\/","title":{"rendered":"Logistiek Medewerker"},"content":{"rendered":"<section class=\"l-section wpb_row height_auto\"><div class=\"l-section-h i-cf\"><div class=\"g-cols vc_row via_flex valign_top type_default stacking_default\"><div class=\"vc_col-sm-12 wpb_column vc_column_container\"><div class=\"vc_column-inner\"><div class=\"wpb_wrapper\"><div class=\"w-separator size_large\"><\/div><\/div><\/div><\/div><\/div><\/div><\/section><section class=\"l-section wpb_row us_custom_32ce5fb7 height_small\"><div class=\"l-section-h i-cf\"><div class=\"g-cols vc_row via_flex valign_top type_default stacking_default\"><div class=\"vc_col-sm-12 wpb_column vc_column_container\"><div class=\"vc_column-inner\"><div class=\"wpb_wrapper\"><div class=\"g-cols wpb_row via_flex valign_top type_default stacking_default\"><div class=\"vc_col-sm-6 wpb_column vc_column_container\"><div class=\"vc_column-inner us_custom_a480baa5\"><div class=\"wpb_wrapper\"><div class=\"w-separator size_small\"><\/div><div class=\"wpb_text_column us_custom_99604e94 has_text_color\"><div class=\"wpb_wrapper\"><p>Stellenangebote<\/p>\n<\/div><\/div><div class=\"wpb_text_column\"><div class=\"wpb_wrapper\"><h1>Logistikmitarbeiter<\/h1>\n<\/div><\/div><\/div><\/div><\/div><div class=\"vc_col-sm-6 wpb_column vc_column_container\"><div class=\"vc_column-inner\"><div class=\"wpb_wrapper\"><\/div><\/div><\/div><\/div><div class=\"w-separator size_medium\"><\/div><div class=\"g-cols wpb_row via_flex valign_top type_default stacking_default\"><div class=\"vc_col-sm-6 wpb_column vc_column_container\"><div class=\"vc_column-inner us_custom_a480baa5\"><div class=\"wpb_wrapper\"><div class=\"wpb_text_column\"><div class=\"wpb_wrapper\"><h3>Stellenbeschreibung<\/h3>\n<p class=\"mb-2 whitespace-pre-wrap\"><span>BKL sucht eine zuverl\u00e4ssige und sorgf\u00e4ltige Kollegin bzw. einen Kollegen, die\/der sich f\u00fcr logistische Prozesse und die dazugeh\u00f6rige Automatisierung begeistert. <\/span>Die Logistikabteilung besteht aus sechs Kolleginnen und Kollegen und soll erweitert werden, um mit dem weiteren Wachstum von BKL Schritt zu halten. Die Abteilung verantwortet den Wareneingang, die Lagerung, die Ausgabe sowie den Versand von Endprodukten an unsere Kunden. Dar\u00fcber hinaus tr\u00e4gt die Abteilung die Verantwortung f\u00fcr die Ausgestaltung der eigenen Logistikfl\u00e4chen, wie Lagerkapazit\u00e4ten, sowie f\u00fcr die Bestandsverwaltung.<\/p>\n<p class=\"mb-2 whitespace-pre-wrap\">In den vergangenen Jahren hat sich die Abteilung von einer \u00fcberwiegend operativen Ausf\u00fchrung hin zu einer st\u00e4rker betreuenden und koordinierenden Rolle entwickelt \u2013 als Schnittstelle zur Unterst\u00fctzung des Produktionsprozesses und zur Optimierung des Warenflusses. Dazu geh\u00f6ren eine weitergehende Bestandsregistrierung, die Erweiterung des ERP-Systems, die Implementierung eines automatisierten Lagers f\u00fcr kleinere Teile, ein WMS-System mit mobilen Benutzeroberfl\u00e4chen (QR-Code-Scanner) sowie die \u00dcbernahme der Bestellfunktion f\u00fcr Facility-Bedarfe wie PSA (pers\u00f6nliche Schutzausr\u00fcstung) und Werkzeuge.<\/p>\n<p class=\"mb-2 whitespace-pre-wrap\">Die Logistik ist Teil des Bereichs Operations bei BKL. Mit rund 50 Kolleginnen und Kollegen fertigen wir spezialisierte Maschinen und Bauteile von der Zeichnung bis zur Auslieferung. Zudem f\u00fchren wir im Auftrag verschiedener Kunden Wartungen und Reparaturen an Maschinen durch. Der Bereich BKL Operations verfolgt das Ziel, in den kommenden Jahren zu wachsen, um eine gr\u00f6\u00dfere Vielfalt an Kunden bedienen zu k\u00f6nnen. Zu diesem Wachstum kannst du beitragen.<\/p>\n<p><strong>Du begeisterst dich f\u00fcr\u2026<\/strong><\/p>\n<p class=\"mb-2 whitespace-pre-wrap\">Als Logistikmitarbeiter\/in arbeiten Sie gerne in einem Warenfluss-Umfeld zwischen Lieferanten, Transporteuren und Kolleginnen und Kollegen aus der Produktion. Der Wechsel zwischen Shopfloor und B\u00fcro spricht Sie an. So k\u00f6nnen Sie Verbesserungen einfach ausarbeiten und anschliessend direkt in der Praxis umsetzen. Keine Stillst\u00e4nde auf der Fl\u00e4che sowie ein zu 100 % korrekter Bestand sind zentrale Ziele, die Sie als Herausforderung sehen.<\/p>\n<p><strong>Kernaufgaben<\/strong><\/p>\n<ul>\n<li>Anhand von Planung und ERP-Reports Teile und Materialien kommissionieren und an den jeweiligen Kunden, Transporteur oder Produktionsmitarbeitenden ausgeben.<\/li>\n<li>Pr\u00fcfung eingehender Waren auf \u00dcbereinstimmung von Lieferschein, Auftragsnummern sowie korrekte Verpackung.<\/li>\n<li>Kennzeichnen (Labeln) der Waren und Einleitung des richtigen n\u00e4chsten Logistikschritts.<\/li>\n<li>Einlagern der Waren \u00fcber unser WMS-System.<\/li>\n<li>Einsatz von Schubmaststapler (Reachtruck), Gabelstapler oder Elektrohubwagen (EHW); bei Bedarf stellen wir die erforderlichen Zertifikate\/Schulungen bereit.<\/li>\n<li>Die Bestandsf\u00fchrung\/-registrierung im ERP-System sicherstellen.<\/li>\n<li>Prozessverbesserungen erkennen, Verbesserungsvorschl\u00e4ge erstellen, abstimmen und anschliessend umsetzen.<\/li>\n<\/ul>\n<p><strong>Ihr Profil<\/strong><\/p>\n<ul>\n<li>Kenntnisse und Erfahrung mit logistischen Systemen.<\/li>\n<li>Kundenfreundliches und professionelles Auftreten gegen\u00fcber Kolleginnen\/Kollegen und Fahrern.<\/li>\n<li>Begeisterung f\u00fcr Verbesserungsprozesse.<\/li>\n<li>Sicherer Umgang mit Barcode-Scannern \/ mobilen Ger\u00e4ten, um smarteres Arbeiten zu erm\u00f6glichen.<\/li>\n<li>MBO-Niveau (mittlere berufliche Qualifikation) durch Abschluss oder einschl\u00e4gige Berufserfahrung.<\/li>\n<\/ul>\n<p><strong>\u00dcber BKL<\/strong><\/p>\n<p class=\"mb-2 whitespace-pre-wrap\">BKL B.V. entwickelt und baut mechatronische Sondermaschinen, Werkzeuge und Transportmittel f\u00fcr eine gro\u00dfe Bandbreite an Unternehmen der Hightech-Industrie, wie z. B. ASML, Thermo Fisher und die Luftfahrt. Das internationale Leistungsportfolio umfasst Engineering nach Spezifikation, Fertigung, Inspektion sowie Wartung. Mit mehr als 100 kreativen Fachkr\u00e4ften arbeitet BKL B.V. an multidisziplin\u00e4ren Projekten, bei denen Entwicklungsabteilung und eigene Werkstatt f\u00fcr Innovation, Qualit\u00e4t und Sicherheit stehen.<\/p>\n<p class=\"mb-2 whitespace-pre-wrap\">Die Expertise liegt im Risikomanagement: im fundierten Einsch\u00e4tzen und Bewerten entwickelter L\u00f6sungen f\u00fcr mechatronische Sondermaschinen, Werkzeuge und Transportmittel. Dies dient der CE-Kennzeichnung und damit der \u00dcbernahme von Produkthaftung. Gleichzeitig unterst\u00fctzen wir unsere Kunden dabei, die Produkte \u00fcber den gesamten Lebenszyklus der L\u00f6sung sicher und effektiv einzusetzen.<\/p>\n<\/div><\/div><\/div><\/div><\/div><div class=\"vc_col-sm-6 wpb_column vc_column_container\"><div class=\"vc_column-inner us_custom_9be03f34\"><div class=\"wpb_wrapper\"><div class=\"w-btn-wrapper align_none\"><a class=\"w-btn us-btn-style_1\" target=\"_blank\" rel=\"nofollow\" href=\"mailto:hr@bkl.nl\"><span class=\"w-btn-label\">Reageer op deze functie<\/span><\/a><\/div><\/div><\/div><\/div><\/div><\/div><\/div><\/div><\/div><\/div><\/section><section class=\"l-section wpb_row us_custom_e011b917 has_text_color height_medium\"><div class=\"l-section-h i-cf\"><div class=\"g-cols vc_row via_flex valign_top type_default stacking_default\"><div class=\"vc_col-sm-12 wpb_column vc_column_container\"><div class=\"vc_column-inner\"><div class=\"wpb_wrapper\"><div class=\"w-hwrapper valign_middle wrap align_justify\" style=\"--hwrapper-gap:2rem\"><div class=\"w-vwrapper align_none valign_top\"><div class=\"wpb_text_column\"><div class=\"wpb_wrapper\"><h3>M\u00f6chten Sie mehr \u00fcber uns erfahren?<\/h3>\n<\/div><\/div><\/div><div class=\"w-btn-wrapper align_none\"><a class=\"w-btn us-btn-style_1\" title=\"Kontakt\" href=\"https:\/\/www.bkl.nl\/de\/kontakt\/\"><span class=\"w-btn-label\">Kontaktieren Sie uns<\/span><\/a><\/div><\/div><\/div><\/div><\/div><\/div><\/div><\/section>","protected":false},"excerpt":{"rendered":"Job Logistic Employee Job description BKL is seeking a detail-oriented colleague with a keen interest in logistics operations and integrated automation. The Logistics team consists of six colleagues and needs to expand in order to keep pace with BKL\u2019s continued growth. The department is responsible for goods receipt, storage, issuing of parts and the shipment...","protected":false},"author":4,"featured_media":0,"parent":760,"menu_order":0,"comment_status":"closed","ping_status":"closed","template":"","meta":{"footnotes":""},"class_list":["post-965","page","type-page","status-publish","hentry"],"yoast_head":"<!-- This site is optimized with the Yoast SEO plugin v27.4 - https:\/\/yoast.com\/product\/yoast-seo-wordpress\/ -->\n<title>Logistiek Medewerker - BKL<\/title>\n<meta name=\"robots\" content=\"index, follow, max-snippet:-1, max-image-preview:large, max-video-preview:-1\" \/>\n<link rel=\"canonical\" href=\"https:\/\/www.bkl.nl\/de\/job\/logisticsemployee\/\" \/>\n<meta property=\"og:locale\" content=\"de_DE\" \/>\n<meta property=\"og:type\" content=\"article\" \/>\n<meta property=\"og:title\" content=\"Logistiek Medewerker - BKL\" \/>\n<meta property=\"og:url\" content=\"https:\/\/www.bkl.nl\/de\/job\/logisticsemployee\/\" \/>\n<meta property=\"og:site_name\" content=\"BKL\" \/>\n<meta property=\"article:modified_time\" content=\"2026-04-21T08:50:30+00:00\" \/>\n<meta name=\"twitter:card\" content=\"summary_large_image\" \/>\n<meta name=\"twitter:label1\" content=\"Gesch\u00e4tzte Lesezeit\" \/>\n\t<meta name=\"twitter:data1\" content=\"3\u00a0Minuten\" \/>\n<script type=\"application\/ld+json\" class=\"yoast-schema-graph\">{\"@context\":\"https:\\\/\\\/schema.org\",\"@graph\":[{\"@type\":\"WebPage\",\"@id\":\"https:\\\/\\\/www.bkl.nl\\\/job\\\/logisticsemployee\\\/\",\"url\":\"https:\\\/\\\/www.bkl.nl\\\/job\\\/logisticsemployee\\\/\",\"name\":\"Logistiek Medewerker - BKL\",\"isPartOf\":{\"@id\":\"https:\\\/\\\/www.bkl.nl\\\/#website\"},\"datePublished\":\"2022-12-14T12:41:47+00:00\",\"dateModified\":\"2026-04-21T08:50:30+00:00\",\"breadcrumb\":{\"@id\":\"https:\\\/\\\/www.bkl.nl\\\/job\\\/logisticsemployee\\\/#breadcrumb\"},\"inLanguage\":\"de\",\"potentialAction\":[{\"@type\":\"ReadAction\",\"target\":[\"https:\\\/\\\/www.bkl.nl\\\/job\\\/logisticsemployee\\\/\"]}]},{\"@type\":\"BreadcrumbList\",\"@id\":\"https:\\\/\\\/www.bkl.nl\\\/job\\\/logisticsemployee\\\/#breadcrumb\",\"itemListElement\":[{\"@type\":\"ListItem\",\"position\":1,\"name\":\"Home\",\"item\":\"https:\\\/\\\/www.bkl.nl\\\/\"},{\"@type\":\"ListItem\",\"position\":2,\"name\":\"Jobs\",\"item\":\"https:\\\/\\\/www.bkl.nl\\\/job\\\/\"},{\"@type\":\"ListItem\",\"position\":3,\"name\":\"Logistiek Medewerker\"}]},{\"@type\":\"WebSite\",\"@id\":\"https:\\\/\\\/www.bkl.nl\\\/#website\",\"url\":\"https:\\\/\\\/www.bkl.nl\\\/\",\"name\":\"BKL\",\"description\":\"Smart engineering\",\"publisher\":{\"@id\":\"https:\\\/\\\/www.bkl.nl\\\/#organization\"},\"potentialAction\":[{\"@type\":\"SearchAction\",\"target\":{\"@type\":\"EntryPoint\",\"urlTemplate\":\"https:\\\/\\\/www.bkl.nl\\\/?s={search_term_string}\"},\"query-input\":{\"@type\":\"PropertyValueSpecification\",\"valueRequired\":true,\"valueName\":\"search_term_string\"}}],\"inLanguage\":\"de\"},{\"@type\":\"Organization\",\"@id\":\"https:\\\/\\\/www.bkl.nl\\\/#organization\",\"name\":\"BKL Engineering\",\"url\":\"https:\\\/\\\/www.bkl.nl\\\/\",\"logo\":{\"@type\":\"ImageObject\",\"inLanguage\":\"de\",\"@id\":\"https:\\\/\\\/www.bkl.nl\\\/#\\\/schema\\\/logo\\\/image\\\/\",\"url\":\"https:\\\/\\\/www.bkl.nl\\\/wp-content\\\/uploads\\\/2022\\\/03\\\/logo_bkl_on_light.svg\",\"contentUrl\":\"https:\\\/\\\/www.bkl.nl\\\/wp-content\\\/uploads\\\/2022\\\/03\\\/logo_bkl_on_light.svg\",\"width\":\"1024\",\"height\":\"1024\",\"caption\":\"BKL Engineering\"},\"image\":{\"@id\":\"https:\\\/\\\/www.bkl.nl\\\/#\\\/schema\\\/logo\\\/image\\\/\"},\"sameAs\":[\"https:\\\/\\\/www.linkedin.com\\\/company\\\/bkl-bv\"]}]}<\/script>\n<!-- \/ Yoast SEO plugin. -->","yoast_head_json":{"title":"Logistiek Medewerker - BKL","robots":{"index":"index","follow":"follow","max-snippet":"max-snippet:-1","max-image-preview":"max-image-preview:large","max-video-preview":"max-video-preview:-1"},"canonical":"https:\/\/www.bkl.nl\/de\/job\/logisticsemployee\/","og_locale":"de_DE","og_type":"article","og_title":"Logistiek Medewerker - BKL","og_url":"https:\/\/www.bkl.nl\/de\/job\/logisticsemployee\/","og_site_name":"BKL","article_modified_time":"2026-04-21T08:50:30+00:00","twitter_card":"summary_large_image","twitter_misc":{"Gesch\u00e4tzte Lesezeit":"3\u00a0Minuten"},"schema":{"@context":"https:\/\/schema.org","@graph":[{"@type":"WebPage","@id":"https:\/\/www.bkl.nl\/job\/logisticsemployee\/","url":"https:\/\/www.bkl.nl\/job\/logisticsemployee\/","name":"Logistiek Medewerker - BKL","isPartOf":{"@id":"https:\/\/www.bkl.nl\/#website"},"datePublished":"2022-12-14T12:41:47+00:00","dateModified":"2026-04-21T08:50:30+00:00","breadcrumb":{"@id":"https:\/\/www.bkl.nl\/job\/logisticsemployee\/#breadcrumb"},"inLanguage":"de","potentialAction":[{"@type":"ReadAction","target":["https:\/\/www.bkl.nl\/job\/logisticsemployee\/"]}]},{"@type":"BreadcrumbList","@id":"https:\/\/www.bkl.nl\/job\/logisticsemployee\/#breadcrumb","itemListElement":[{"@type":"ListItem","position":1,"name":"Home","item":"https:\/\/www.bkl.nl\/"},{"@type":"ListItem","position":2,"name":"Jobs","item":"https:\/\/www.bkl.nl\/job\/"},{"@type":"ListItem","position":3,"name":"Logistiek Medewerker"}]},{"@type":"WebSite","@id":"https:\/\/www.bkl.nl\/#website","url":"https:\/\/www.bkl.nl\/","name":"BKL","description":"Intelligente Technik","publisher":{"@id":"https:\/\/www.bkl.nl\/#organization"},"potentialAction":[{"@type":"SearchAction","target":{"@type":"EntryPoint","urlTemplate":"https:\/\/www.bkl.nl\/?s={search_term_string}"},"query-input":{"@type":"PropertyValueSpecification","valueRequired":true,"valueName":"search_term_string"}}],"inLanguage":"de"},{"@type":"Organization","@id":"https:\/\/www.bkl.nl\/#organization","name":"BKL Engineering","url":"https:\/\/www.bkl.nl\/","logo":{"@type":"ImageObject","inLanguage":"de","@id":"https:\/\/www.bkl.nl\/#\/schema\/logo\/image\/","url":"https:\/\/www.bkl.nl\/wp-content\/uploads\/2022\/03\/logo_bkl_on_light.svg","contentUrl":"https:\/\/www.bkl.nl\/wp-content\/uploads\/2022\/03\/logo_bkl_on_light.svg","width":"1024","height":"1024","caption":"BKL Engineering"},"image":{"@id":"https:\/\/www.bkl.nl\/#\/schema\/logo\/image\/"},"sameAs":["https:\/\/www.linkedin.com\/company\/bkl-bv"]}]}},"_links":{"self":[{"href":"https:\/\/www.bkl.nl\/de\/wp-json\/wp\/v2\/pages\/965","targetHints":{"allow":["GET"]}}],"collection":[{"href":"https:\/\/www.bkl.nl\/de\/wp-json\/wp\/v2\/pages"}],"about":[{"href":"https:\/\/www.bkl.nl\/de\/wp-json\/wp\/v2\/types\/page"}],"author":[{"embeddable":true,"href":"https:\/\/www.bkl.nl\/de\/wp-json\/wp\/v2\/users\/4"}],"replies":[{"embeddable":true,"href":"https:\/\/www.bkl.nl\/de\/wp-json\/wp\/v2\/comments?post=965"}],"version-history":[{"count":5,"href":"https:\/\/www.bkl.nl\/de\/wp-json\/wp\/v2\/pages\/965\/revisions"}],"predecessor-version":[{"id":1824,"href":"https:\/\/www.bkl.nl\/de\/wp-json\/wp\/v2\/pages\/965\/revisions\/1824"}],"up":[{"embeddable":true,"href":"https:\/\/www.bkl.nl\/de\/wp-json\/wp\/v2\/pages\/760"}],"wp:attachment":[{"href":"https:\/\/www.bkl.nl\/de\/wp-json\/wp\/v2\/media?parent=965"}],"curies":[{"name":"wp","href":"https:\/\/api.w.org\/{rel}","templated":true}]}}