{"id":981,"date":"2022-12-14T12:44:24","date_gmt":"2022-12-14T12:44:24","guid":{"rendered":"https:\/\/www.bkl.nl\/?page_id=981"},"modified":"2023-09-11T12:44:08","modified_gmt":"2023-09-11T12:44:08","slug":"technischer-inspekteur","status":"publish","type":"page","link":"https:\/\/www.bkl.nl\/de\/job\/technische-inspecteur\/","title":{"rendered":"Technischer Inspektor (Keurmeester)"},"content":{"rendered":"<section class=\"l-section wpb_row height_auto\"><div class=\"l-section-h i-cf\"><div class=\"g-cols vc_row via_flex valign_top type_default stacking_default\"><div class=\"vc_col-sm-12 wpb_column vc_column_container\"><div class=\"vc_column-inner\"><div class=\"wpb_wrapper\"><div class=\"w-separator size_large\"><\/div><\/div><\/div><\/div><\/div><\/div><\/section><section class=\"l-section wpb_row us_custom_32ce5fb7 height_small\"><div class=\"l-section-h i-cf\"><div class=\"g-cols vc_row via_flex valign_top type_default stacking_default\"><div class=\"vc_col-sm-12 wpb_column vc_column_container\"><div class=\"vc_column-inner\"><div class=\"wpb_wrapper\"><div class=\"g-cols wpb_row via_flex valign_top type_default stacking_default\"><div class=\"vc_col-sm-6 wpb_column vc_column_container\"><div class=\"vc_column-inner us_custom_a480baa5\"><div class=\"wpb_wrapper\"><div class=\"w-separator size_small\"><\/div><div class=\"wpb_text_column us_custom_99604e94 has_text_color\"><div class=\"wpb_wrapper\"><p>Stellenangebote<\/p>\n<\/div><\/div><div class=\"wpb_text_column\"><div class=\"wpb_wrapper\"><h1>Technischer Inspektor (Keurmeester)<\/h1>\n<\/div><\/div><\/div><\/div><\/div><div class=\"vc_col-sm-6 wpb_column vc_column_container\"><div class=\"vc_column-inner\"><div class=\"wpb_wrapper\"><\/div><\/div><\/div><\/div><div class=\"w-separator size_medium\"><\/div><div class=\"g-cols wpb_row via_flex valign_top type_default stacking_default\"><div class=\"vc_col-sm-6 wpb_column vc_column_container\"><div class=\"vc_column-inner us_custom_a480baa5\"><div class=\"wpb_wrapper\"><div class=\"wpb_text_column\"><div class=\"wpb_wrapper\"><h3 class=\"alted\">Funktionelle Beschreibung<\/h3>\n<p>Als onze Keurmeester ben jij veiligheidsbewust, overtuigend, verbeteringsgericht en communicatief vaardig. Sie haben die Energie, mit Ihrem Team erfolgreiche Produkte auf den Markt zu bringen. Er ist begeistert von der Beherrschung von Konstruktionen und wird sich auch in diesem Bereich sehr engagieren. Er arbeitet sehr selbst\u00e4ndig, hat leckere Pakete dabei und will mit 100% das beste Ergebnis erzielen. Eine perfekte Funktion f\u00fcr Sie? Solliciteer dan opze vacature Technisch Inspecteur!<\/p>\n<p><strong>Draag bij aan ons succes als Technisch Inspecteur<\/strong><\/p>\n<p>Onze <strong>Ingenieure<\/strong> haben sich mit innovativen Projekten besch\u00e4ftigt, die darauf abzielen, die besten Produktstrukturen zu verbreiten. Als Keurmeester bin ich in der Lage, die Entwicklung von Produkten und Dienstleistungen f\u00fcr das Werk, f\u00fcr das sie bestimmt sind, zu koordinieren. Wir unterst\u00fctzen unsere Ingenieure bei der Erstellung von Entw\u00fcrfen, die wir f\u00fcr Sie anfertigen. Im Rahmen der Inspektions- und Pr\u00fcfverfahren wird auch das Ergebnis f\u00fcr die Zertifizierung \u00fcberpr\u00fcft. Sie kommunizieren diese Ergebnisse mit Ihren Auftraggebern und arbeiten eng mit unseren Partnern zusammen. <strong>Technischer Inspektionsleiter<\/strong>.<\/p>\n<h3>Functievereisten<\/h3>\n<p><span data-redactor-span=\"true\" data-redactor-style-cache=\"font-size: 14px;\"><strong>Das ist, wie wir f\u00fcr die Stelle des leitenden Ingenieurs suchen:<\/strong><\/span><\/p>\n<ul>\n<li>MBO werk- en denkniveau<\/li>\n<li>Mehrere Jahre Werkerfahrung in einer technischen Funktion<\/li>\n<li>Sowohl elektrisch als auch mechanisch angetrieben<\/li>\n<li>Beschikken \u00fcber einen ruime mate van technical kennis;<\/li>\n<li>Das Zertifikat \"EKH Keurmeester Hijs- en Hefgereedschappen (ODH)\" und \/ oder das Zertifikat \"AMTeK\" auf vergelijkbare Module von Aboma ist eine Vorbedingung.<\/li>\n<li>Das Zertifikat \"EKH Keurmeester Hijskranen (BDH)\" und \/ oder das Zertifikat \"AMTeK\" auf vergelijkbare Module von Aboma ist ein Vorprodukt.<\/li>\n<li>Das Zertifikat NEN 3140 oder \"NEN3140 voor EKH Keurmeester Hijskranen\" ist ein Vorzertifikat.<\/li>\n<li>Rijbewijs-Kategorie B<\/li>\n<li>Das Heftruck-Diplom ist eine Vorstufe<\/li>\n<li>VCA ist eine Vorstufe<\/li>\n<\/ul>\n<h3><strong>Das sollte ich mir merken:<\/strong><\/h3>\n<ul>\n<li>Fulltime dienstverband van 32 of 40 uur<\/li>\n<li>40 vrije dagen (27 + 13 ATV dagen o.b.v Vollzeit)<\/li>\n<li>8% vakantiegeld<\/li>\n<li>Reiskostenvergoeding<\/li>\n<li>Gute L\u00f6hne und Geh\u00e4lter (dankbar f\u00fcr Wissen und Erfahrung)<\/li>\n<li>Viel Ruhm f\u00fcr die eigene Arbeit; er hat Einfluss auf BKL<\/li>\n<li>Investitionen in Ihr Unternehmen durch die Teilnahme an verschiedenen Schulungen und Weiterbildungsma\u00dfnahmen<\/li>\n<li>Vanzelfsprekend goede secundaire arbeidsvoorwaarden<\/li>\n<li>Moderner Kantoorpand in Nuenen<\/li>\n<\/ul>\n<p>&nbsp;<\/p>\n<p><strong>Opmerking voor bureaus:<\/strong>\u00a0Wir finden es gut, selbst zu arbeiten. Urlaube, die wir nicht innerhalb einer bestimmten Zeitspanne stornieren k\u00f6nnen, geben wir an B\u00fcros weiter, die wir selbst ausgew\u00e4hlt haben. Wij stellen ongevraagde acquisitie niet op prijs. Wenn Sie sich f\u00fcr einen Kandidaten entscheiden, ohne dass Ihre schriftlichen Anforderungen erf\u00fcllt sind, werden wir uns daf\u00fcr einsetzen, dass diese Kandidaten sich selbst bewerben k\u00f6nnen, da es hier eine weitere Verpflich-tung gibt. Wir bedanken uns f\u00fcr Ihre Unterst\u00fctzung.<\/p>\n<\/div><\/div><\/div><\/div><\/div><div class=\"vc_col-sm-6 wpb_column vc_column_container\"><div class=\"vc_column-inner us_custom_9be03f34\"><div class=\"wpb_wrapper\"><div class=\"w-btn-wrapper align_none\"><a class=\"w-btn us-btn-style_1\" target=\"_blank\" rel=\"nofollow\" title=\"Technischer Inspektor (Keurmeester)\" href=\"https:\/\/bkl.recruitee.com\/o\/technisch-inspecteur-keurmeester\"><span class=\"w-btn-label\">Reageer op deze functie<\/span><\/a><\/div><\/div><\/div><\/div><\/div><\/div><\/div><\/div><\/div><\/div><\/section><section class=\"l-section wpb_row us_custom_e011b917 has_text_color height_medium\"><div class=\"l-section-h i-cf\"><div class=\"g-cols vc_row via_flex valign_top type_default stacking_default\"><div class=\"vc_col-sm-12 wpb_column vc_column_container\"><div class=\"vc_column-inner\"><div class=\"wpb_wrapper\"><div class=\"w-hwrapper valign_middle wrap align_justify\" style=\"--hwrapper-gap:2rem\"><div class=\"w-vwrapper align_none valign_top\"><div class=\"wpb_text_column\"><div class=\"wpb_wrapper\"><h3>M\u00f6chten Sie mehr \u00fcber uns erfahren?<\/h3>\n<\/div><\/div><\/div><div class=\"w-btn-wrapper align_none\"><a class=\"w-btn us-btn-style_1\" title=\"Kontakt\" href=\"https:\/\/www.bkl.nl\/de\/kontakt\/\"><span class=\"w-btn-label\">Kontaktieren Sie uns<\/span><\/a><\/div><\/div><\/div><\/div><\/div><\/div><\/div><\/section>","protected":false},"excerpt":{"rendered":"Job Technischer Inspecteur (Keurmeester) Functieomschrijving Als onze Keurmeester ben jij veiligheidsbewust, overtuigend, verbeteringsgericht en communicatief vaardig. Sie haben die Energie, mit Ihrem Team erfolgreiche Produkte auf den Markt zu bringen. Er ist begeistert von der Beherrschung von Konstruktionen und wird sich auch in diesem Bereich sehr engagieren. Er ist sehr selbstbewusst, hat leckere Pakete dabei und ist sehr...","protected":false},"author":4,"featured_media":0,"parent":760,"menu_order":0,"comment_status":"closed","ping_status":"closed","template":"","meta":{"footnotes":""},"class_list":["post-981","page","type-page","status-publish","hentry"],"yoast_head":"<!-- This site is optimized with the Yoast SEO plugin v27.4 - https:\/\/yoast.com\/product\/yoast-seo-wordpress\/ -->\n<title>Technische Inspecteur (Keurmeester) - BKL<\/title>\n<meta name=\"robots\" content=\"index, follow, max-snippet:-1, max-image-preview:large, max-video-preview:-1\" \/>\n<link rel=\"canonical\" href=\"https:\/\/www.bkl.nl\/de\/job\/technischer-inspekteur\/\" \/>\n<meta property=\"og:locale\" content=\"de_DE\" \/>\n<meta property=\"og:type\" content=\"article\" \/>\n<meta property=\"og:title\" content=\"Technische Inspecteur (Keurmeester) - BKL\" \/>\n<meta property=\"og:url\" content=\"https:\/\/www.bkl.nl\/de\/job\/technischer-inspekteur\/\" \/>\n<meta property=\"og:site_name\" content=\"BKL\" \/>\n<meta property=\"article:modified_time\" content=\"2023-09-11T12:44:08+00:00\" \/>\n<meta name=\"twitter:card\" content=\"summary_large_image\" \/>\n<meta name=\"twitter:label1\" content=\"Gesch\u00e4tzte Lesezeit\" \/>\n\t<meta name=\"twitter:data1\" content=\"2\u00a0Minuten\" \/>\n<script type=\"application\/ld+json\" class=\"yoast-schema-graph\">{\"@context\":\"https:\\\/\\\/schema.org\",\"@graph\":[{\"@type\":\"WebPage\",\"@id\":\"https:\\\/\\\/www.bkl.nl\\\/job\\\/technische-inspecteur\\\/\",\"url\":\"https:\\\/\\\/www.bkl.nl\\\/job\\\/technische-inspecteur\\\/\",\"name\":\"Technische Inspecteur (Keurmeester) - BKL\",\"isPartOf\":{\"@id\":\"https:\\\/\\\/www.bkl.nl\\\/#website\"},\"datePublished\":\"2022-12-14T12:44:24+00:00\",\"dateModified\":\"2023-09-11T12:44:08+00:00\",\"breadcrumb\":{\"@id\":\"https:\\\/\\\/www.bkl.nl\\\/job\\\/technische-inspecteur\\\/#breadcrumb\"},\"inLanguage\":\"de\",\"potentialAction\":[{\"@type\":\"ReadAction\",\"target\":[\"https:\\\/\\\/www.bkl.nl\\\/job\\\/technische-inspecteur\\\/\"]}]},{\"@type\":\"BreadcrumbList\",\"@id\":\"https:\\\/\\\/www.bkl.nl\\\/job\\\/technische-inspecteur\\\/#breadcrumb\",\"itemListElement\":[{\"@type\":\"ListItem\",\"position\":1,\"name\":\"Home\",\"item\":\"https:\\\/\\\/www.bkl.nl\\\/\"},{\"@type\":\"ListItem\",\"position\":2,\"name\":\"Jobs\",\"item\":\"https:\\\/\\\/www.bkl.nl\\\/job\\\/\"},{\"@type\":\"ListItem\",\"position\":3,\"name\":\"Technische Inspecteur (Keurmeester)\"}]},{\"@type\":\"WebSite\",\"@id\":\"https:\\\/\\\/www.bkl.nl\\\/#website\",\"url\":\"https:\\\/\\\/www.bkl.nl\\\/\",\"name\":\"BKL\",\"description\":\"Smart engineering\",\"publisher\":{\"@id\":\"https:\\\/\\\/www.bkl.nl\\\/#organization\"},\"potentialAction\":[{\"@type\":\"SearchAction\",\"target\":{\"@type\":\"EntryPoint\",\"urlTemplate\":\"https:\\\/\\\/www.bkl.nl\\\/?s={search_term_string}\"},\"query-input\":{\"@type\":\"PropertyValueSpecification\",\"valueRequired\":true,\"valueName\":\"search_term_string\"}}],\"inLanguage\":\"de\"},{\"@type\":\"Organization\",\"@id\":\"https:\\\/\\\/www.bkl.nl\\\/#organization\",\"name\":\"BKL Engineering\",\"url\":\"https:\\\/\\\/www.bkl.nl\\\/\",\"logo\":{\"@type\":\"ImageObject\",\"inLanguage\":\"de\",\"@id\":\"https:\\\/\\\/www.bkl.nl\\\/#\\\/schema\\\/logo\\\/image\\\/\",\"url\":\"https:\\\/\\\/www.bkl.nl\\\/wp-content\\\/uploads\\\/2022\\\/03\\\/logo_bkl_on_light.svg\",\"contentUrl\":\"https:\\\/\\\/www.bkl.nl\\\/wp-content\\\/uploads\\\/2022\\\/03\\\/logo_bkl_on_light.svg\",\"width\":\"1024\",\"height\":\"1024\",\"caption\":\"BKL Engineering\"},\"image\":{\"@id\":\"https:\\\/\\\/www.bkl.nl\\\/#\\\/schema\\\/logo\\\/image\\\/\"},\"sameAs\":[\"https:\\\/\\\/www.linkedin.com\\\/company\\\/bkl-bv\"]}]}<\/script>\n<!-- \/ Yoast SEO plugin. -->","yoast_head_json":{"title":"Technischer Inspekteur (Keurmeester) - BKL","robots":{"index":"index","follow":"follow","max-snippet":"max-snippet:-1","max-image-preview":"max-image-preview:large","max-video-preview":"max-video-preview:-1"},"canonical":"https:\/\/www.bkl.nl\/de\/job\/technischer-inspekteur\/","og_locale":"de_DE","og_type":"article","og_title":"Technische Inspecteur (Keurmeester) - BKL","og_url":"https:\/\/www.bkl.nl\/de\/job\/technischer-inspekteur\/","og_site_name":"BKL","article_modified_time":"2023-09-11T12:44:08+00:00","twitter_card":"summary_large_image","twitter_misc":{"Gesch\u00e4tzte Lesezeit":"2\u00a0Minuten"},"schema":{"@context":"https:\/\/schema.org","@graph":[{"@type":"WebPage","@id":"https:\/\/www.bkl.nl\/job\/technische-inspecteur\/","url":"https:\/\/www.bkl.nl\/job\/technische-inspecteur\/","name":"Technischer Inspekteur (Keurmeester) - BKL","isPartOf":{"@id":"https:\/\/www.bkl.nl\/#website"},"datePublished":"2022-12-14T12:44:24+00:00","dateModified":"2023-09-11T12:44:08+00:00","breadcrumb":{"@id":"https:\/\/www.bkl.nl\/job\/technische-inspecteur\/#breadcrumb"},"inLanguage":"de","potentialAction":[{"@type":"ReadAction","target":["https:\/\/www.bkl.nl\/job\/technische-inspecteur\/"]}]},{"@type":"BreadcrumbList","@id":"https:\/\/www.bkl.nl\/job\/technische-inspecteur\/#breadcrumb","itemListElement":[{"@type":"ListItem","position":1,"name":"Home","item":"https:\/\/www.bkl.nl\/"},{"@type":"ListItem","position":2,"name":"Jobs","item":"https:\/\/www.bkl.nl\/job\/"},{"@type":"ListItem","position":3,"name":"Technische Inspecteur (Keurmeester)"}]},{"@type":"WebSite","@id":"https:\/\/www.bkl.nl\/#website","url":"https:\/\/www.bkl.nl\/","name":"BKL","description":"Intelligente Technik","publisher":{"@id":"https:\/\/www.bkl.nl\/#organization"},"potentialAction":[{"@type":"SearchAction","target":{"@type":"EntryPoint","urlTemplate":"https:\/\/www.bkl.nl\/?s={search_term_string}"},"query-input":{"@type":"PropertyValueSpecification","valueRequired":true,"valueName":"search_term_string"}}],"inLanguage":"de"},{"@type":"Organization","@id":"https:\/\/www.bkl.nl\/#organization","name":"BKL Engineering","url":"https:\/\/www.bkl.nl\/","logo":{"@type":"ImageObject","inLanguage":"de","@id":"https:\/\/www.bkl.nl\/#\/schema\/logo\/image\/","url":"https:\/\/www.bkl.nl\/wp-content\/uploads\/2022\/03\/logo_bkl_on_light.svg","contentUrl":"https:\/\/www.bkl.nl\/wp-content\/uploads\/2022\/03\/logo_bkl_on_light.svg","width":"1024","height":"1024","caption":"BKL Engineering"},"image":{"@id":"https:\/\/www.bkl.nl\/#\/schema\/logo\/image\/"},"sameAs":["https:\/\/www.linkedin.com\/company\/bkl-bv"]}]}},"_links":{"self":[{"href":"https:\/\/www.bkl.nl\/de\/wp-json\/wp\/v2\/pages\/981","targetHints":{"allow":["GET"]}}],"collection":[{"href":"https:\/\/www.bkl.nl\/de\/wp-json\/wp\/v2\/pages"}],"about":[{"href":"https:\/\/www.bkl.nl\/de\/wp-json\/wp\/v2\/types\/page"}],"author":[{"embeddable":true,"href":"https:\/\/www.bkl.nl\/de\/wp-json\/wp\/v2\/users\/4"}],"replies":[{"embeddable":true,"href":"https:\/\/www.bkl.nl\/de\/wp-json\/wp\/v2\/comments?post=981"}],"version-history":[{"count":0,"href":"https:\/\/www.bkl.nl\/de\/wp-json\/wp\/v2\/pages\/981\/revisions"}],"up":[{"embeddable":true,"href":"https:\/\/www.bkl.nl\/de\/wp-json\/wp\/v2\/pages\/760"}],"wp:attachment":[{"href":"https:\/\/www.bkl.nl\/de\/wp-json\/wp\/v2\/media?parent=981"}],"curies":[{"name":"wp","href":"https:\/\/api.w.org\/{rel}","templated":true}]}}